{"id":616,"date":"2022-03-01T21:25:59","date_gmt":"2022-03-01T13:25:59","guid":{"rendered":"https:\/\/sdmetalshed.com\/?post_type=product&#038;p=616"},"modified":"2022-03-01T21:26:00","modified_gmt":"2022-03-01T13:26:00","slug":"custom-double-door-metal-yard-saver-white-galvanized-metal-storage-shed","status":"publish","type":"product","link":"https:\/\/sdmetalshed.com\/it\/product\/custom-double-door-metal-yard-saver-white-galvanized-metal-storage-shed\/","title":{"rendered":"Personalizzato-Doppia-Porta-Metallo-Yard-Saver-Bianco-Ripostiglio-in-Metallo-Galvanizzato-4-ft.-x-7-ft."},"content":{"rendered":"","protected":false},"excerpt":{"rendered":"<p>Un tetto spiovente e un design inclinato ti consentono di appoggiare questo capannone di stoccaggio in metallo contro un&#039;altra struttura per la massima efficienza dello spazio. L&#039;ingresso a doppia porta pu\u00f2 essere assemblato su entrambe le estremit\u00e0 per soddisfare le vostre esigenze e il layout da 4 piedi x 7 piedi vanta 154 cu. piedi di spazio per riporre biciclette, mobili da giardino, attrezzature per grigliate, attrezzi, forniture per prato e giardino, accessori per piscine, bidoni della spazzatura e altro ancora. Questo edificio di stoccaggio senza pavimento \u00e8 costruito in acciaio zincato e si eleva di 82 pollici nel punto pi\u00f9 alto, offrendo ampio spazio per la manovrabilit\u00e0.<\/p>","protected":false},"featured_media":617,"template":"","meta":{"_kad_post_transparent":"default","_kad_post_title":"","_kad_post_layout":"default","_kad_post_sidebar_id":"","_kad_post_content_style":"default","_kad_post_vertical_padding":"default","_kad_post_feature":"","_kad_post_feature_position":"","_kad_post_header":false,"_kad_post_footer":false,"_kad_post_classname":""},"product_brand":[],"product_cat":[33,29,31],"product_tag":[175,172,171,174,169,173],"class_list":{"0":"post-616","1":"product","2":"type-product","3":"status-publish","4":"has-post-thumbnail","6":"product_cat-metal-garden-storage-sheds","7":"product_cat-metal-products","8":"product_cat-storage-sheds","9":"product_tag-custom-metal-storage-shed","10":"product_tag-double-door-metal-storage-shed","11":"product_tag-double-door-metal-yard-saver","12":"product_tag-galvanized-metal-storage-shed","13":"product_tag-metal-storage-shed","14":"product_tag-metal-yard-saver","16":"first","17":"instock","18":"shipping-taxable","19":"product-type-simple","20":"entry","21":"content-bg","22":"loop-entry"},"_links":{"self":[{"href":"https:\/\/sdmetalshed.com\/it\/wp-json\/wp\/v2\/product\/616","targetHints":{"allow":["GET"]}}],"collection":[{"href":"https:\/\/sdmetalshed.com\/it\/wp-json\/wp\/v2\/product"}],"about":[{"href":"https:\/\/sdmetalshed.com\/it\/wp-json\/wp\/v2\/types\/product"}],"wp:featuredmedia":[{"embeddable":true,"href":"https:\/\/sdmetalshed.com\/it\/wp-json\/wp\/v2\/media\/617"}],"wp:attachment":[{"href":"https:\/\/sdmetalshed.com\/it\/wp-json\/wp\/v2\/media?parent=616"}],"wp:term":[{"taxonomy":"product_brand","embeddable":true,"href":"https:\/\/sdmetalshed.com\/it\/wp-json\/wp\/v2\/product_brand?post=616"},{"taxonomy":"product_cat","embeddable":true,"href":"https:\/\/sdmetalshed.com\/it\/wp-json\/wp\/v2\/product_cat?post=616"},{"taxonomy":"product_tag","embeddable":true,"href":"https:\/\/sdmetalshed.com\/it\/wp-json\/wp\/v2\/product_tag?post=616"}],"curies":[{"name":"wp","href":"https:\/\/api.w.org\/{rel}","templated":true}]}}