{"id":623,"date":"2022-03-01T21:51:26","date_gmt":"2022-03-01T13:51:26","guid":{"rendered":"https:\/\/sdmetalshed.com\/?post_type=product&#038;p=623"},"modified":"2022-03-01T21:51:26","modified_gmt":"2022-03-01T13:51:26","slug":"marrone-metallo-esterno-giardino-patio-ripostiglio-attrezzi-con-areazione-e-porta-bloccabile","status":"publish","type":"product","link":"https:\/\/sdmetalshed.com\/it\/product\/brown-metal-outdoor-garden-patio-tool-storage-shed-with-vents-and-lockable-door\/","title":{"rendered":"Capanno per attrezzi da giardino, patio, in metallo marrone, con prese d&#039;aria e porta con serratura"},"content":{"rendered":"","protected":false},"excerpt":{"rendered":"<p>Se stai cercando un ulteriore spazio per riporre gli oggetti nella tua casa, questa casetta in metallo sar\u00e0 una buona scelta. Caratterizzata da una copertura di 44 piedi quadrati, questa casetta da giardino \u00e8 facile da conservare per le tue forniture da giardino e funge anche da deposito per i rifiuti. \u00c8 anche una buona opzione per essere una casa per animali domestici con una stanza spaziosa. Nel pacchetto \u00e8 inclusa anche una base in modo da poter personalizzare pi\u00f9 facilmente il proprio spazio di archiviazione all&#039;aperto.<\/p>","protected":false},"featured_media":624,"template":"","meta":{"_kad_post_transparent":"default","_kad_post_title":"","_kad_post_layout":"default","_kad_post_sidebar_id":"","_kad_post_content_style":"default","_kad_post_vertical_padding":"default","_kad_post_feature":"","_kad_post_feature_position":"","_kad_post_header":false,"_kad_post_footer":false,"_kad_post_classname":""},"product_brand":[],"product_cat":[33,29,31],"product_tag":[176,62,178,177,119,100],"class_list":{"0":"post-623","1":"product","2":"type-product","3":"status-publish","4":"has-post-thumbnail","6":"product_cat-metal-garden-storage-sheds","7":"product_cat-metal-products","8":"product_cat-storage-sheds","9":"product_tag-brown-metal-outdoor-storage-shed","10":"product_tag-garden-tool-storage-shed","11":"product_tag-metal-storage-shed-with-lockable-door","12":"product_tag-metal-storage-shed-with-vents","13":"product_tag-outdoor-storage-shed","14":"product_tag-outdoor-tool-storage-shed","16":"first","17":"instock","18":"shipping-taxable","19":"product-type-simple","20":"entry","21":"content-bg","22":"loop-entry"},"_links":{"self":[{"href":"https:\/\/sdmetalshed.com\/it\/wp-json\/wp\/v2\/product\/623","targetHints":{"allow":["GET"]}}],"collection":[{"href":"https:\/\/sdmetalshed.com\/it\/wp-json\/wp\/v2\/product"}],"about":[{"href":"https:\/\/sdmetalshed.com\/it\/wp-json\/wp\/v2\/types\/product"}],"wp:featuredmedia":[{"embeddable":true,"href":"https:\/\/sdmetalshed.com\/it\/wp-json\/wp\/v2\/media\/624"}],"wp:attachment":[{"href":"https:\/\/sdmetalshed.com\/it\/wp-json\/wp\/v2\/media?parent=623"}],"wp:term":[{"taxonomy":"product_brand","embeddable":true,"href":"https:\/\/sdmetalshed.com\/it\/wp-json\/wp\/v2\/product_brand?post=623"},{"taxonomy":"product_cat","embeddable":true,"href":"https:\/\/sdmetalshed.com\/it\/wp-json\/wp\/v2\/product_cat?post=623"},{"taxonomy":"product_tag","embeddable":true,"href":"https:\/\/sdmetalshed.com\/it\/wp-json\/wp\/v2\/product_tag?post=623"}],"curies":[{"name":"wp","href":"https:\/\/api.w.org\/{rel}","templated":true}]}}