{"id":689,"date":"2022-03-07T20:49:48","date_gmt":"2022-03-07T12:49:48","guid":{"rendered":"https:\/\/sdmetalshed.com\/?post_type=product&#038;p=689"},"modified":"2022-03-07T20:49:49","modified_gmt":"2022-03-07T12:49:49","slug":"verde-colore-orizzontale-magazzino-in-acciaio-scaffale-organizzatore-con-due-bocchette-daria","status":"publish","type":"product","link":"https:\/\/sdmetalshed.com\/it\/product\/green-color-horizontal-steel-storage-shed-lockable-organizer-with-two-air-vents\/","title":{"rendered":"Organizer con serratura per capannone orizzontale in acciaio di colore verde con due prese d&#039;aria"},"content":{"rendered":"","protected":false},"excerpt":{"rendered":"<p>Gli accessori da giardino come tosaerba, biciclette e bidoni della spazzatura non hanno mai un posto dove riporre. Renderanno il tuo giardino disordinato. In questo momento, devi essere ansioso di trovare un posto per questi oggetti. E questo capannone per esterni \u00e8 la scelta migliore per soddisfare le tue esigenze. Questo organizer per attrezzi da giardino \u00e8 realizzato in acciaio zincato, pi\u00f9 durevole e stabile rispetto ai materiali compositi convenzionali. L&#039;acciaio zincato \u00e8 meno soggetto a ruggine o corrosione e di lunga durata. Il capannone Pirecart Green pu\u00f2 funzionare perfettamente all&#039;aperto con qualsiasi tempo o stagione.<\/p>","protected":false},"featured_media":690,"template":"","meta":{"_kad_post_transparent":"default","_kad_post_title":"","_kad_post_layout":"default","_kad_post_sidebar_id":"","_kad_post_content_style":"default","_kad_post_vertical_padding":"default","_kad_post_feature":"","_kad_post_feature_position":"","_kad_post_header":false,"_kad_post_footer":false,"_kad_post_classname":""},"product_brand":[],"product_cat":[33,29,31],"product_tag":[218,217,216,219],"class_list":{"0":"post-689","1":"product","2":"type-product","3":"status-publish","4":"has-post-thumbnail","6":"product_cat-metal-garden-storage-sheds","7":"product_cat-metal-products","8":"product_cat-storage-sheds","9":"product_tag-green-color-storage-shed","10":"product_tag-horizontal-steel-lockable-organizer","11":"product_tag-horizontal-steel-storage-shed","12":"product_tag-steel-storage-shed-with-two-air-vents","14":"first","15":"instock","16":"shipping-taxable","17":"product-type-simple","18":"entry","19":"content-bg","20":"loop-entry"},"_links":{"self":[{"href":"https:\/\/sdmetalshed.com\/it\/wp-json\/wp\/v2\/product\/689","targetHints":{"allow":["GET"]}}],"collection":[{"href":"https:\/\/sdmetalshed.com\/it\/wp-json\/wp\/v2\/product"}],"about":[{"href":"https:\/\/sdmetalshed.com\/it\/wp-json\/wp\/v2\/types\/product"}],"wp:featuredmedia":[{"embeddable":true,"href":"https:\/\/sdmetalshed.com\/it\/wp-json\/wp\/v2\/media\/690"}],"wp:attachment":[{"href":"https:\/\/sdmetalshed.com\/it\/wp-json\/wp\/v2\/media?parent=689"}],"wp:term":[{"taxonomy":"product_brand","embeddable":true,"href":"https:\/\/sdmetalshed.com\/it\/wp-json\/wp\/v2\/product_brand?post=689"},{"taxonomy":"product_cat","embeddable":true,"href":"https:\/\/sdmetalshed.com\/it\/wp-json\/wp\/v2\/product_cat?post=689"},{"taxonomy":"product_tag","embeddable":true,"href":"https:\/\/sdmetalshed.com\/it\/wp-json\/wp\/v2\/product_tag?post=689"}],"curies":[{"name":"wp","href":"https:\/\/api.w.org\/{rel}","templated":true}]}}