{"id":695,"date":"2022-03-07T22:48:12","date_gmt":"2022-03-07T14:48:12","guid":{"rendered":"https:\/\/sdmetalshed.com\/?post_type=product&#038;p=695"},"modified":"2022-03-08T16:12:35","modified_gmt":"2022-03-08T08:12:35","slug":"patio-prato-giardino-cortile-magazzino-di-stoccaggio-in-acciaio-con-porta-bloccabile-e-bocchette-daria","status":"publish","type":"product","link":"https:\/\/sdmetalshed.com\/it\/product\/patio-lawn-backyard-garden-steel-storage-shed-with-lockable-door-and-air-vents\/","title":{"rendered":"Capannone in acciaio per giardino, cortile, prato, patio, con porta chiudibile a chiave e prese d&#039;aria"},"content":{"rendered":"","protected":false},"excerpt":{"rendered":"<p>Il capanno da giardino \u00e8 realizzato in acciaio zincato, pi\u00f9 durevole e stabile rispetto ai materiali compositi convenzionali. L&#039;acciaio zincato \u00e8 meno soggetto a ruggine o corrosione ed \u00e8 di lunga durata. Questo capannone pu\u00f2 funzionare perfettamente all&#039;aperto con qualsiasi tempo o stagione. Questo capannone per stoccaggio all&#039;aperto ti consente di soddisfare molteplici scopi, come deposito di attrezzi, deposito dei rifiuti, casa per animali domestici e anche salotto all&#039;aperto. Questo capanno da esterno \u00e8 facile da montare e puoi installarlo nel tuo giardino, cortile e anche in alcuni parchi per riporre i tuoi effetti personali extra.<\/p>","protected":false},"featured_media":697,"template":"","meta":{"_kad_post_transparent":"default","_kad_post_title":"","_kad_post_layout":"default","_kad_post_sidebar_id":"","_kad_post_content_style":"default","_kad_post_vertical_padding":"default","_kad_post_feature":"","_kad_post_feature_position":"","_kad_post_header":false,"_kad_post_footer":false,"_kad_post_classname":""},"product_brand":[],"product_cat":[33,29,31],"product_tag":[221,222,220,201,224,223],"class_list":{"0":"post-695","1":"product","2":"type-product","3":"status-publish","4":"has-post-thumbnail","6":"product_cat-metal-garden-storage-sheds","7":"product_cat-metal-products","8":"product_cat-storage-sheds","9":"product_tag-backyard-steel-storage-shed","10":"product_tag-garden-steel-storage-shed","11":"product_tag-lawn-steel-storage-shed","12":"product_tag-patio-steel-storage-shed","13":"product_tag-steel-storage-shed-with-air-vents","14":"product_tag-steel-storage-shed-with-lockable-door","16":"first","17":"instock","18":"featured","19":"shipping-taxable","20":"product-type-simple","21":"entry","22":"content-bg","23":"loop-entry"},"_links":{"self":[{"href":"https:\/\/sdmetalshed.com\/it\/wp-json\/wp\/v2\/product\/695","targetHints":{"allow":["GET"]}}],"collection":[{"href":"https:\/\/sdmetalshed.com\/it\/wp-json\/wp\/v2\/product"}],"about":[{"href":"https:\/\/sdmetalshed.com\/it\/wp-json\/wp\/v2\/types\/product"}],"wp:featuredmedia":[{"embeddable":true,"href":"https:\/\/sdmetalshed.com\/it\/wp-json\/wp\/v2\/media\/697"}],"wp:attachment":[{"href":"https:\/\/sdmetalshed.com\/it\/wp-json\/wp\/v2\/media?parent=695"}],"wp:term":[{"taxonomy":"product_brand","embeddable":true,"href":"https:\/\/sdmetalshed.com\/it\/wp-json\/wp\/v2\/product_brand?post=695"},{"taxonomy":"product_cat","embeddable":true,"href":"https:\/\/sdmetalshed.com\/it\/wp-json\/wp\/v2\/product_cat?post=695"},{"taxonomy":"product_tag","embeddable":true,"href":"https:\/\/sdmetalshed.com\/it\/wp-json\/wp\/v2\/product_tag?post=695"}],"curies":[{"name":"wp","href":"https:\/\/api.w.org\/{rel}","templated":true}]}}