{"id":780,"date":"2022-03-08T15:25:05","date_gmt":"2022-03-08T07:25:05","guid":{"rendered":"https:\/\/sdmetalshed.com\/?post_type=product&#038;p=780"},"modified":"2022-03-08T15:25:05","modified_gmt":"2022-03-08T07:25:05","slug":"deposito-in-acciaio-per-contenitore-per-spazzatura-da-giardino-a-doppia-porta-coperchio-contenitore-per-2-contenitori-per-la-spazzatura","status":"publish","type":"product","link":"https:\/\/sdmetalshed.com\/it\/product\/steel-garden-garbage-can-storage-shed-double-door-lid-dustbin-for-2-trash-cans\/","title":{"rendered":"Capannone per bidoni della spazzatura da giardino in acciaio, doppia porta e coperchio, per 2 bidoni della spazzatura"},"content":{"rendered":"","protected":false},"excerpt":{"rendered":"<p>Il capannone per bidoni della spazzatura da esterno \u00e8 progettato per riporre e proteggere i bidoni della spazzatura. Con le prese d&#039;aria laterali, fornisce uno spazio di stoccaggio asciutto e ventilato. La doppia porta con serratura \u00e8 comoda per riporre o estrarre gli strumenti e le attrezzature. Il coperchio di sollevamento \u00e8 controllato da un pistone pneumatico, basta sollevare delicatamente il coperchio e il coperchio si aprir\u00e0 lentamente da solo. Molto comodo per buttare la spazzatura. Realizzato in acciaio durevole, il capannone ha una buona resistenza agli agenti atmosferici ed \u00e8 di facile manutenzione. Pratica soluzione per riporre i bidoni della spazzatura all&#039;aperto.<\/p>","protected":false},"featured_media":781,"template":"","meta":{"_kad_post_transparent":"default","_kad_post_title":"","_kad_post_layout":"default","_kad_post_sidebar_id":"","_kad_post_content_style":"default","_kad_post_vertical_padding":"default","_kad_post_feature":"","_kad_post_feature_position":"","_kad_post_header":false,"_kad_post_footer":false,"_kad_post_classname":""},"product_brand":[],"product_cat":[29,31,34],"product_tag":[141,264,263,190],"class_list":{"0":"post-780","1":"product","2":"type-product","3":"status-publish","4":"has-post-thumbnail","6":"product_cat-metal-products","7":"product_cat-storage-sheds","8":"product_cat-trash-bin-storage-sheds","9":"product_tag-garbage-can-storage-shed","10":"product_tag-garden-trash-cans-storage-shed","11":"product_tag-steel-garden-garbage-storage-shed","12":"product_tag-trash-cans-storage-shed","14":"first","15":"instock","16":"shipping-taxable","17":"product-type-simple","18":"entry","19":"content-bg","20":"loop-entry"},"_links":{"self":[{"href":"https:\/\/sdmetalshed.com\/it\/wp-json\/wp\/v2\/product\/780","targetHints":{"allow":["GET"]}}],"collection":[{"href":"https:\/\/sdmetalshed.com\/it\/wp-json\/wp\/v2\/product"}],"about":[{"href":"https:\/\/sdmetalshed.com\/it\/wp-json\/wp\/v2\/types\/product"}],"wp:featuredmedia":[{"embeddable":true,"href":"https:\/\/sdmetalshed.com\/it\/wp-json\/wp\/v2\/media\/781"}],"wp:attachment":[{"href":"https:\/\/sdmetalshed.com\/it\/wp-json\/wp\/v2\/media?parent=780"}],"wp:term":[{"taxonomy":"product_brand","embeddable":true,"href":"https:\/\/sdmetalshed.com\/it\/wp-json\/wp\/v2\/product_brand?post=780"},{"taxonomy":"product_cat","embeddable":true,"href":"https:\/\/sdmetalshed.com\/it\/wp-json\/wp\/v2\/product_cat?post=780"},{"taxonomy":"product_tag","embeddable":true,"href":"https:\/\/sdmetalshed.com\/it\/wp-json\/wp\/v2\/product_tag?post=780"}],"curies":[{"name":"wp","href":"https:\/\/api.w.org\/{rel}","templated":true}]}}