{"id":923,"date":"2022-08-04T17:32:14","date_gmt":"2022-08-04T09:32:14","guid":{"rendered":"https:\/\/sdmetalshed.com\/?post_type=product&#038;p=923"},"modified":"2022-08-04T17:32:14","modified_gmt":"2022-08-04T09:32:14","slug":"giardino-12-x-17-garage-in-acciaio-acciaio-zincato-pareti-extra-alte-casetta-prefabbricata-edificio-di-stoccaggio-12-x-17-flauto-bianco","status":"publish","type":"product","link":"https:\/\/sdmetalshed.com\/it\/product\/garden-12-x-17-steel-garage-galvanized-steel-extra-tall-walls-prefabricated-shed-storage-building-12-x-17-flute-white\/","title":{"rendered":"Garage in acciaio da giardino 12\u2032 x 17\u2032 Capannone prefabbricato con pareti extra alte in acciaio zincato Edificio di stoccaggio, 12\u2032 x 17\u2032, Flute White"},"content":{"rendered":"","protected":false},"excerpt":{"rendered":"<p>La nostra azienda dispone di una gamma di garage adatti a tutti gli usi domestici. I nostri tre garage pi\u00f9 popolari sono dotati di isolamento del tetto mentre i garage argento e oro<br \/>\nhanno anche l&#039;isolamento delle pareti. Il garage in bronzo entry level \u00e8 pi\u00f9 adatto per attrezzi da giardino, tosaerba e biciclette. La gamma argento \u00e8 adatta per una casa<br \/>\npalestra, sala giochi o ripostiglio. La gamma Gold \u00e8 adatta al rimessaggio dell&#039;auto e a qualsiasi altra esigenza di stoccaggio domestico.<\/p>","protected":false},"featured_media":924,"template":"","meta":{"_kad_post_transparent":"default","_kad_post_title":"","_kad_post_layout":"default","_kad_post_sidebar_id":"","_kad_post_content_style":"default","_kad_post_vertical_padding":"default","_kad_post_feature":"","_kad_post_feature_position":"","_kad_post_header":false,"_kad_post_footer":false,"_kad_post_classname":""},"product_brand":[],"product_cat":[281],"product_tag":[285,283,284,282],"class_list":{"0":"post-923","1":"product","2":"type-product","3":"status-publish","4":"has-post-thumbnail","6":"product_cat-metal-garages","7":"product_tag-insulated-properties","8":"product_tag-loading-resistance","9":"product_tag-water-tightness","10":"product_tag-wind-and-snow","12":"first","13":"instock","14":"shipping-taxable","15":"product-type-simple","16":"entry","17":"content-bg","18":"loop-entry"},"_links":{"self":[{"href":"https:\/\/sdmetalshed.com\/it\/wp-json\/wp\/v2\/product\/923","targetHints":{"allow":["GET"]}}],"collection":[{"href":"https:\/\/sdmetalshed.com\/it\/wp-json\/wp\/v2\/product"}],"about":[{"href":"https:\/\/sdmetalshed.com\/it\/wp-json\/wp\/v2\/types\/product"}],"wp:featuredmedia":[{"embeddable":true,"href":"https:\/\/sdmetalshed.com\/it\/wp-json\/wp\/v2\/media\/924"}],"wp:attachment":[{"href":"https:\/\/sdmetalshed.com\/it\/wp-json\/wp\/v2\/media?parent=923"}],"wp:term":[{"taxonomy":"product_brand","embeddable":true,"href":"https:\/\/sdmetalshed.com\/it\/wp-json\/wp\/v2\/product_brand?post=923"},{"taxonomy":"product_cat","embeddable":true,"href":"https:\/\/sdmetalshed.com\/it\/wp-json\/wp\/v2\/product_cat?post=923"},{"taxonomy":"product_tag","embeddable":true,"href":"https:\/\/sdmetalshed.com\/it\/wp-json\/wp\/v2\/product_tag?post=923"}],"curies":[{"name":"wp","href":"https:\/\/api.w.org\/{rel}","templated":true}]}}