{"id":965,"date":"2022-08-05T16:56:05","date_gmt":"2022-08-05T08:56:05","guid":{"rendered":"https:\/\/sdmetalshed.com\/?post_type=product&#038;p=965"},"modified":"2022-08-08T10:52:37","modified_gmt":"2022-08-08T02:52:37","slug":"officina-struttura-in-acciaio-garage-ripiano-35m-lx117m-px29m-hm-porta-avvolgibile-singola","status":"publish","type":"product","link":"https:\/\/sdmetalshed.com\/it\/product\/steel-structure-workshop-garage-shed-3-5wx11-7dx2-9hm-single-roller-door\/","title":{"rendered":"Capannone per garage per officina con struttura in acciaio 3,5 (L) x 11,7 (P) x 2,9 (A) m Porta singola e avvolgibile"},"content":{"rendered":"","protected":false},"excerpt":{"rendered":"<p>La nostra azienda dispone di una gamma di garage adatti a tutti gli usi domestici. I nostri tre garage pi\u00f9 popolari sono dotati di isolamento del tetto mentre i garage argento e oro<br \/>\nhanno anche l&#039;isolamento delle pareti. Il garage in bronzo entry level \u00e8 pi\u00f9 adatto per attrezzi da giardino, tosaerba e biciclette. La gamma argento \u00e8 adatta per una casa<br \/>\npalestra, sala giochi o ripostiglio. La gamma Gold \u00e8 adatta al rimessaggio dell&#039;auto e a qualsiasi altra esigenza di stoccaggio domestico.<\/p>","protected":false},"featured_media":949,"template":"","meta":{"_kad_post_transparent":"default","_kad_post_title":"","_kad_post_layout":"default","_kad_post_sidebar_id":"","_kad_post_content_style":"default","_kad_post_vertical_padding":"default","_kad_post_feature":"","_kad_post_feature_position":"","_kad_post_header":false,"_kad_post_footer":false,"_kad_post_classname":""},"product_brand":[],"product_cat":[281],"product_tag":[291,292,294,296,293],"class_list":{"0":"post-965","1":"product","2":"type-product","3":"status-publish","4":"has-post-thumbnail","6":"product_cat-metal-garages","7":"product_tag-aluminum-carport-roof","8":"product_tag-easy-assemble-garden-shed","9":"product_tag-garage-storage-brackets","10":"product_tag-hardtop-steel-carports","11":"product_tag-metal-carport-with-storage-shed","13":"first","14":"instock","15":"featured","16":"shipping-taxable","17":"product-type-simple","18":"entry","19":"content-bg","20":"loop-entry"},"_links":{"self":[{"href":"https:\/\/sdmetalshed.com\/it\/wp-json\/wp\/v2\/product\/965","targetHints":{"allow":["GET"]}}],"collection":[{"href":"https:\/\/sdmetalshed.com\/it\/wp-json\/wp\/v2\/product"}],"about":[{"href":"https:\/\/sdmetalshed.com\/it\/wp-json\/wp\/v2\/types\/product"}],"wp:featuredmedia":[{"embeddable":true,"href":"https:\/\/sdmetalshed.com\/it\/wp-json\/wp\/v2\/media\/949"}],"wp:attachment":[{"href":"https:\/\/sdmetalshed.com\/it\/wp-json\/wp\/v2\/media?parent=965"}],"wp:term":[{"taxonomy":"product_brand","embeddable":true,"href":"https:\/\/sdmetalshed.com\/it\/wp-json\/wp\/v2\/product_brand?post=965"},{"taxonomy":"product_cat","embeddable":true,"href":"https:\/\/sdmetalshed.com\/it\/wp-json\/wp\/v2\/product_cat?post=965"},{"taxonomy":"product_tag","embeddable":true,"href":"https:\/\/sdmetalshed.com\/it\/wp-json\/wp\/v2\/product_tag?post=965"}],"curies":[{"name":"wp","href":"https:\/\/api.w.org\/{rel}","templated":true}]}}