{"id":1290,"date":"2023-09-27T16:19:17","date_gmt":"2023-09-27T08:19:17","guid":{"rendered":"https:\/\/sdmetalshed.com\/?post_type=product&#038;p=1290"},"modified":"2023-11-24T10:03:36","modified_gmt":"2023-11-24T02:03:36","slug":"outdoor-pergola-patio-estrutura-de-aluminio-gazebo-fabrica","status":"publish","type":"product","link":"https:\/\/sdmetalshed.com\/pt\/product\/outdoor-pergola-patio-aluminium-frame-gazebo-factory\/","title":{"rendered":"F\u00e1brica de gazebo com estrutura de alum\u00ednio para p\u00e1tio externo de p\u00e9rgula"},"content":{"rendered":"","protected":false},"excerpt":{"rendered":"<p>&nbsp;<\/p>\n<div class=\"longDescCont\">\n<p>&nbsp;<\/p>\n<\/div>","protected":false},"featured_media":1321,"template":"","meta":{"_kad_post_transparent":"default","_kad_post_title":"","_kad_post_layout":"default","_kad_post_sidebar_id":"","_kad_post_content_style":"default","_kad_post_vertical_padding":"default","_kad_post_feature":"","_kad_post_feature_position":"","_kad_post_header":false,"_kad_post_footer":false,"_kad_post_classname":""},"product_brand":[],"product_cat":[30,322,29],"product_tag":[274,52,316,368],"class_list":{"0":"post-1290","1":"product","2":"type-product","3":"status-publish","4":"has-post-thumbnail","6":"product_cat-aluminum-gazebo","7":"product_cat-hawaiian-gazebo","8":"product_cat-metal-products","9":"product_tag-aluminum-frame-gazebo","10":"product_tag-double-roof-hardtop-gazebo","11":"product_tag-metal-frame-grill-gazebo","12":"product_tag-outdoor-pergola-patio-aluminum-frame-gazebo","14":"first","15":"instock","16":"featured","17":"downloadable","18":"shipping-taxable","19":"product-type-simple","20":"entry","21":"content-bg","22":"loop-entry"},"_links":{"self":[{"href":"https:\/\/sdmetalshed.com\/pt\/wp-json\/wp\/v2\/product\/1290","targetHints":{"allow":["GET"]}}],"collection":[{"href":"https:\/\/sdmetalshed.com\/pt\/wp-json\/wp\/v2\/product"}],"about":[{"href":"https:\/\/sdmetalshed.com\/pt\/wp-json\/wp\/v2\/types\/product"}],"wp:featuredmedia":[{"embeddable":true,"href":"https:\/\/sdmetalshed.com\/pt\/wp-json\/wp\/v2\/media\/1321"}],"wp:attachment":[{"href":"https:\/\/sdmetalshed.com\/pt\/wp-json\/wp\/v2\/media?parent=1290"}],"wp:term":[{"taxonomy":"product_brand","embeddable":true,"href":"https:\/\/sdmetalshed.com\/pt\/wp-json\/wp\/v2\/product_brand?post=1290"},{"taxonomy":"product_cat","embeddable":true,"href":"https:\/\/sdmetalshed.com\/pt\/wp-json\/wp\/v2\/product_cat?post=1290"},{"taxonomy":"product_tag","embeddable":true,"href":"https:\/\/sdmetalshed.com\/pt\/wp-json\/wp\/v2\/product_tag?post=1290"}],"curies":[{"name":"wp","href":"https:\/\/api.w.org\/{rel}","templated":true}]}}