{"id":458,"date":"2022-02-26T15:14:34","date_gmt":"2022-02-26T07:14:34","guid":{"rendered":"https:\/\/sdmetalshed.com\/?post_type=product&#038;p=458"},"modified":"2022-02-26T15:14:34","modified_gmt":"2022-02-26T07:14:34","slug":"personalizado-facil-montagem-grande-capacidade-aco-galvanizado-cobertizo-de-armazenamento-de-ferramentas-de-jardim-nordico","status":"publish","type":"product","link":"https:\/\/sdmetalshed.com\/pt\/product\/custom-easy-assembly-large-capacity-galvanized-steel-nordic-garden-tool-storage-shed\/","title":{"rendered":"Galp\u00e3o de armazenamento de ferramentas de jardim n\u00f3rdico de a\u00e7o galvanizado de grande capacidade f\u00e1cil personalizado"},"content":{"rendered":"","protected":false},"excerpt":{"rendered":"<p>Ferramentas de gramado, materiais de jardim, cadeiras de gramado dobr\u00e1veis \u200b\u200b\u2013 com 34 p\u00e9s quadrados de espa\u00e7o interno, voc\u00ea pode armazenar e proteger tudo no galp\u00e3o de armazenamento n\u00f3rdico. Forte e dur\u00e1vel, este abrigo compacto \u00e9 constru\u00eddo em a\u00e7o galvanizado com revestimento em p\u00f3, resistente \u00e0 ferrugem, corros\u00e3o e raios UV. O design do telhado de v\u00e9rtice reverso permite o escoamento eficiente de \u00e1gua e neve para manter tudo limpo e seco durante todo o ano. As portas duplas frontais abrem totalmente para permitir f\u00e1cil acesso e s\u00e3o fixadas com uma trava deslizante compat\u00edvel com cadeado (cadeado n\u00e3o inclu\u00eddo). Al\u00e9m disso, a charmosa janela de 4 pain\u00e9is adiciona ilumina\u00e7\u00e3o natural para ajud\u00e1-lo a encontrar tudo. Para todas as suas necessidades de armazenamento externo, conte com produtos de qualidade diretamente da f\u00e1brica.<\/p>","protected":false},"featured_media":459,"template":"","meta":{"_kad_post_transparent":"default","_kad_post_title":"","_kad_post_layout":"default","_kad_post_sidebar_id":"","_kad_post_content_style":"default","_kad_post_vertical_padding":"default","_kad_post_feature":"","_kad_post_feature_position":"","_kad_post_header":false,"_kad_post_footer":false,"_kad_post_classname":""},"product_brand":[],"product_cat":[33,29,31],"product_tag":[80,81,77,78,82,76,79],"class_list":{"0":"post-458","1":"product","2":"type-product","3":"status-publish","4":"has-post-thumbnail","6":"product_cat-metal-garden-storage-sheds","7":"product_cat-metal-products","8":"product_cat-storage-sheds","9":"product_tag-custom-storage-shed","10":"product_tag-easy-assembly-storage-shed","11":"product_tag-galvanized-steel-storage-shed","12":"product_tag-garden-storage-shed","13":"product_tag-large-capacity-storage-shed","14":"product_tag-nordic-storage-shed","15":"product_tag-tool-storage-shed","17":"first","18":"instock","19":"shipping-taxable","20":"product-type-simple","21":"entry","22":"content-bg","23":"loop-entry"},"_links":{"self":[{"href":"https:\/\/sdmetalshed.com\/pt\/wp-json\/wp\/v2\/product\/458","targetHints":{"allow":["GET"]}}],"collection":[{"href":"https:\/\/sdmetalshed.com\/pt\/wp-json\/wp\/v2\/product"}],"about":[{"href":"https:\/\/sdmetalshed.com\/pt\/wp-json\/wp\/v2\/types\/product"}],"wp:featuredmedia":[{"embeddable":true,"href":"https:\/\/sdmetalshed.com\/pt\/wp-json\/wp\/v2\/media\/459"}],"wp:attachment":[{"href":"https:\/\/sdmetalshed.com\/pt\/wp-json\/wp\/v2\/media?parent=458"}],"wp:term":[{"taxonomy":"product_brand","embeddable":true,"href":"https:\/\/sdmetalshed.com\/pt\/wp-json\/wp\/v2\/product_brand?post=458"},{"taxonomy":"product_cat","embeddable":true,"href":"https:\/\/sdmetalshed.com\/pt\/wp-json\/wp\/v2\/product_cat?post=458"},{"taxonomy":"product_tag","embeddable":true,"href":"https:\/\/sdmetalshed.com\/pt\/wp-json\/wp\/v2\/product_tag?post=458"}],"curies":[{"name":"wp","href":"https:\/\/api.w.org\/{rel}","templated":true}]}}