{"id":470,"date":"2022-02-26T16:51:22","date_gmt":"2022-02-26T08:51:22","guid":{"rendered":"https:\/\/sdmetalshed.com\/?post_type=product&#038;p=470"},"modified":"2024-04-03T11:34:50","modified_gmt":"2024-04-03T03:34:50","slug":"venda-quente-personalizado-estacionamento-de-carros-armario-de-armazenamento-sobre-o-capo-espaco-de-armazenamento-do-estacionamento-guarda-volumes","status":"publish","type":"product","link":"https:\/\/sdmetalshed.com\/pt\/product\/hot-sale-custom-car-parking-lot-over-bonnet-storage-cabinet-parking-space-storage-lockers\/","title":{"rendered":"Venda quente Estacionamento de carro personalizado sobre arm\u00e1rio de armazenamento de cap\u00f4 Arm\u00e1rios de armazenamento de espa\u00e7o de estacionamento"},"content":{"rendered":"","protected":false},"excerpt":{"rendered":"<p>Car bonnet lockers provide convenient secure storage for items above your vehicle at your garage parking space. These storage cabinets allow you to transition items quickly and easily without having to move them to your condo apartment.<\/p>","protected":false},"featured_media":471,"template":"","meta":{"_kad_post_transparent":"default","_kad_post_title":"","_kad_post_layout":"default","_kad_post_sidebar_id":"","_kad_post_content_style":"default","_kad_post_vertical_padding":"default","_kad_post_feature":"","_kad_post_feature_position":"","_kad_post_header":false,"_kad_post_footer":false,"_kad_post_classname":""},"product_brand":[],"product_cat":[35,29],"product_tag":[92,88,91,90,89],"class_list":{"0":"post-470","1":"product","2":"type-product","3":"status-publish","4":"has-post-thumbnail","6":"product_cat-car-parking-lot-over-bonnet-storage-cabinet","7":"product_cat-metal-products","8":"product_tag-car-park-storage","9":"product_tag-car-parking-lot-over-bonnet-storage-cabinet","10":"product_tag-over-bonnet-storage-locker-cabinet","11":"product_tag-over-car-bonnet-storage","12":"product_tag-parking-space-storage-lockers","14":"first","15":"instock","16":"shipping-taxable","17":"product-type-simple","18":"entry","19":"content-bg","20":"loop-entry"},"_links":{"self":[{"href":"https:\/\/sdmetalshed.com\/pt\/wp-json\/wp\/v2\/product\/470","targetHints":{"allow":["GET"]}}],"collection":[{"href":"https:\/\/sdmetalshed.com\/pt\/wp-json\/wp\/v2\/product"}],"about":[{"href":"https:\/\/sdmetalshed.com\/pt\/wp-json\/wp\/v2\/types\/product"}],"wp:featuredmedia":[{"embeddable":true,"href":"https:\/\/sdmetalshed.com\/pt\/wp-json\/wp\/v2\/media\/471"}],"wp:attachment":[{"href":"https:\/\/sdmetalshed.com\/pt\/wp-json\/wp\/v2\/media?parent=470"}],"wp:term":[{"taxonomy":"product_brand","embeddable":true,"href":"https:\/\/sdmetalshed.com\/pt\/wp-json\/wp\/v2\/product_brand?post=470"},{"taxonomy":"product_cat","embeddable":true,"href":"https:\/\/sdmetalshed.com\/pt\/wp-json\/wp\/v2\/product_cat?post=470"},{"taxonomy":"product_tag","embeddable":true,"href":"https:\/\/sdmetalshed.com\/pt\/wp-json\/wp\/v2\/product_tag?post=470"}],"curies":[{"name":"wp","href":"https:\/\/api.w.org\/{rel}","templated":true}]}}