{"id":484,"date":"2022-02-26T22:07:14","date_gmt":"2022-02-26T14:07:14","guid":{"rendered":"https:\/\/sdmetalshed.com\/?post_type=product&#038;p=484"},"modified":"2022-02-26T22:07:14","modified_gmt":"2022-02-26T14:07:14","slug":"metal-ao-ar-livre-preto-jardim-ferramenta-armazenamento-garagem-com-porta-trancada-e-ventilacao","status":"publish","type":"product","link":"https:\/\/sdmetalshed.com\/pt\/product\/metal-outdoor-black-backyard-garden-tool-storage-shed-with-locking-door-and-air-vents\/","title":{"rendered":"Galp\u00e3o de armazenamento de ferramentas de jardim de quintal preto externo de metal com porta de travamento e sa\u00eddas de ar"},"content":{"rendered":"","protected":false},"excerpt":{"rendered":"<p>Feito com telha de a\u00e7o colorida, o abrigo de jardim ensolarado foi constru\u00eddo para durar. Al\u00e9m de manter seus pertences protegidos de todos os tipos de intemp\u00e9ries, este resistente galp\u00e3o de resina ter\u00e1 a melhor apar\u00eancia por muitos anos. E como todo galp\u00e3o de armazenamento da Outsunny, este modelo \u00e9 f\u00e1cil de montar e f\u00e1cil de manter. Suas amplas portas se abrem para facilitar o acesso a todos os pertences de sua casa. As 2 sa\u00eddas de ar manter\u00e3o o interior fresco e arejado. O edif\u00edcio de armazenamento compacto cabe perfeitamente at\u00e9 mesmo nos menores quintais.<\/p>","protected":false},"featured_media":485,"template":"","meta":{"_kad_post_transparent":"default","_kad_post_title":"","_kad_post_layout":"default","_kad_post_sidebar_id":"","_kad_post_content_style":"default","_kad_post_vertical_padding":"default","_kad_post_feature":"","_kad_post_feature_position":"","_kad_post_header":false,"_kad_post_footer":false,"_kad_post_classname":""},"product_brand":[],"product_cat":[29,31],"product_tag":[101,62,99,100,103,102],"class_list":{"0":"post-484","1":"product","2":"type-product","3":"status-publish","4":"has-post-thumbnail","6":"product_cat-metal-products","7":"product_cat-storage-sheds","8":"product_tag-backyard-tool-storage-shed","9":"product_tag-garden-tool-storage-shed","10":"product_tag-metal-tool-storage-shed","11":"product_tag-outdoor-tool-storage-shed","12":"product_tag-storage-shed-with-air-vents","13":"product_tag-storage-shed-with-locking-door","15":"first","16":"instock","17":"shipping-taxable","18":"product-type-simple","19":"entry","20":"content-bg","21":"loop-entry"},"_links":{"self":[{"href":"https:\/\/sdmetalshed.com\/pt\/wp-json\/wp\/v2\/product\/484","targetHints":{"allow":["GET"]}}],"collection":[{"href":"https:\/\/sdmetalshed.com\/pt\/wp-json\/wp\/v2\/product"}],"about":[{"href":"https:\/\/sdmetalshed.com\/pt\/wp-json\/wp\/v2\/types\/product"}],"wp:featuredmedia":[{"embeddable":true,"href":"https:\/\/sdmetalshed.com\/pt\/wp-json\/wp\/v2\/media\/485"}],"wp:attachment":[{"href":"https:\/\/sdmetalshed.com\/pt\/wp-json\/wp\/v2\/media?parent=484"}],"wp:term":[{"taxonomy":"product_brand","embeddable":true,"href":"https:\/\/sdmetalshed.com\/pt\/wp-json\/wp\/v2\/product_brand?post=484"},{"taxonomy":"product_cat","embeddable":true,"href":"https:\/\/sdmetalshed.com\/pt\/wp-json\/wp\/v2\/product_cat?post=484"},{"taxonomy":"product_tag","embeddable":true,"href":"https:\/\/sdmetalshed.com\/pt\/wp-json\/wp\/v2\/product_tag?post=484"}],"curies":[{"name":"wp","href":"https:\/\/api.w.org\/{rel}","templated":true}]}}