{"id":490,"date":"2022-02-27T13:41:58","date_gmt":"2022-02-27T05:41:58","guid":{"rendered":"https:\/\/sdmetalshed.com\/?post_type=product&#038;p=490"},"modified":"2022-02-27T13:41:58","modified_gmt":"2022-02-27T05:41:58","slug":"exterior-jardim-armazenamento-garagem-ferramenta-utilidade-patio-traseiro-aco-garagem-de-ferramentas-com-servicos-personalizados","status":"publish","type":"product","link":"https:\/\/sdmetalshed.com\/pt\/product\/outdoor-garden-storage-shed-tool-utility-backyard-patio-steel-tool-shed-with-custom-services\/","title":{"rendered":"Galp\u00e3o de ferramentas de armazenamento de jardim ao ar livre, quintal, p\u00e1tio, galp\u00e3o de ferramentas de a\u00e7o com servi\u00e7os personalizados"},"content":{"rendered":"","protected":false},"excerpt":{"rendered":"<p>1. Galvanized steel construction ensures corrosion resistance.<br \/>\n2. Equipped with UV-resistant panels to prevent rots and decays.<br \/>\n3. Packaged with pre-cut and pre-drilled parts for easy assembly.<\/p>","protected":false},"featured_media":491,"template":"","meta":{"_kad_post_transparent":"default","_kad_post_title":"","_kad_post_layout":"default","_kad_post_sidebar_id":"","_kad_post_content_style":"default","_kad_post_vertical_padding":"default","_kad_post_feature":"","_kad_post_feature_position":"","_kad_post_header":false,"_kad_post_footer":false,"_kad_post_classname":""},"product_brand":[],"product_cat":[33,29,31],"product_tag":[106,105,104,100,107],"class_list":{"0":"post-490","1":"product","2":"type-product","3":"status-publish","4":"has-post-thumbnail","6":"product_cat-metal-garden-storage-sheds","7":"product_cat-metal-products","8":"product_cat-storage-sheds","9":"product_tag-backyard-steel-tool-shed","10":"product_tag-outdoor-garden-storage-shed","11":"product_tag-outdoor-metal-storage-shed","12":"product_tag-outdoor-tool-storage-shed","13":"product_tag-patio-steel-tool-shed","15":"first","16":"instock","17":"shipping-taxable","18":"product-type-simple","19":"entry","20":"content-bg","21":"loop-entry"},"_links":{"self":[{"href":"https:\/\/sdmetalshed.com\/pt\/wp-json\/wp\/v2\/product\/490","targetHints":{"allow":["GET"]}}],"collection":[{"href":"https:\/\/sdmetalshed.com\/pt\/wp-json\/wp\/v2\/product"}],"about":[{"href":"https:\/\/sdmetalshed.com\/pt\/wp-json\/wp\/v2\/types\/product"}],"wp:featuredmedia":[{"embeddable":true,"href":"https:\/\/sdmetalshed.com\/pt\/wp-json\/wp\/v2\/media\/491"}],"wp:attachment":[{"href":"https:\/\/sdmetalshed.com\/pt\/wp-json\/wp\/v2\/media?parent=490"}],"wp:term":[{"taxonomy":"product_brand","embeddable":true,"href":"https:\/\/sdmetalshed.com\/pt\/wp-json\/wp\/v2\/product_brand?post=490"},{"taxonomy":"product_cat","embeddable":true,"href":"https:\/\/sdmetalshed.com\/pt\/wp-json\/wp\/v2\/product_cat?post=490"},{"taxonomy":"product_tag","embeddable":true,"href":"https:\/\/sdmetalshed.com\/pt\/wp-json\/wp\/v2\/product_tag?post=490"}],"curies":[{"name":"wp","href":"https:\/\/api.w.org\/{rel}","templated":true}]}}