{"id":499,"date":"2022-02-27T22:25:49","date_gmt":"2022-02-27T14:25:49","guid":{"rendered":"https:\/\/sdmetalshed.com\/?post_type=product&#038;p=499"},"modified":"2022-03-08T16:13:04","modified_gmt":"2022-03-08T08:13:04","slug":"armazem-de-metal-para-bicicletas-e-armario-de-armazenamento-de-metal-para-quatro-bicicletas-de-tamanho-adulto","status":"publish","type":"product","link":"https:\/\/sdmetalshed.com\/pt\/product\/metal-bike-store-shed-and-metal-bicycle-storage-cabinet-locker-for-four-adult-size-bikes\/","title":{"rendered":"Galp\u00e3o de loja de bicicletas de metal e arm\u00e1rio de armazenamento de bicicletas de metal para quatro bicicletas de tamanho adulto"},"content":{"rendered":"","protected":false},"excerpt":{"rendered":"<p>Armazene e proteja at\u00e9 quatro bicicletas de tamanho adulto com nosso galp\u00e3o de armazenamento de bicicletas no quintal. Constru\u00eddo em a\u00e7o galvanizado, este abrigo forte e dur\u00e1vel \u00e9 resistente \u00e0 ferrugem, corros\u00e3o e raios UV, oferecendo \u00e0s suas bicicletas prote\u00e7\u00e3o contra as intemp\u00e9ries durante todo o ano. Est\u00e3o inclu\u00eddas quatro pistas de bicicleta ajust\u00e1veis \u200b\u200bque armazenam a maioria das bicicletas de at\u00e9 78,4 polegadas de comprimento e 43,3 polegadas de altura. O telhado inclinado permite o escoamento r\u00e1pido da \u00e1gua durante tempestades, mantendo as bicicletas secas. As portas duplas frontais abrem totalmente para permitir f\u00e1cil acesso e s\u00e3o protegidas com trava girat\u00f3ria e chave. Para todas as suas necessidades de armazenamento externo, conte diretamente com produtos de qualidade da f\u00e1brica.<\/p>","protected":false},"featured_media":500,"template":"","meta":{"_kad_post_transparent":"default","_kad_post_title":"","_kad_post_layout":"default","_kad_post_sidebar_id":"","_kad_post_content_style":"default","_kad_post_vertical_padding":"default","_kad_post_feature":"","_kad_post_feature_position":"","_kad_post_header":false,"_kad_post_footer":false,"_kad_post_classname":""},"product_brand":[],"product_cat":[36,29,31],"product_tag":[112,109,108,111,110],"class_list":{"0":"post-499","1":"product","2":"type-product","3":"status-publish","4":"has-post-thumbnail","6":"product_cat-metal-bicycle-storage-cabinet-locker","7":"product_cat-metal-products","8":"product_cat-storage-sheds","9":"product_tag-backyard-bicycle-storage-shed","10":"product_tag-metal-bicycle-storage-cabinet-locker","11":"product_tag-metal-bike-store-shed","12":"product_tag-outdoor-bicycle-storage-shed","13":"product_tag-outdoor-metal-bike-storage","15":"first","16":"instock","17":"featured","18":"shipping-taxable","19":"product-type-simple","20":"entry","21":"content-bg","22":"loop-entry"},"_links":{"self":[{"href":"https:\/\/sdmetalshed.com\/pt\/wp-json\/wp\/v2\/product\/499","targetHints":{"allow":["GET"]}}],"collection":[{"href":"https:\/\/sdmetalshed.com\/pt\/wp-json\/wp\/v2\/product"}],"about":[{"href":"https:\/\/sdmetalshed.com\/pt\/wp-json\/wp\/v2\/types\/product"}],"wp:featuredmedia":[{"embeddable":true,"href":"https:\/\/sdmetalshed.com\/pt\/wp-json\/wp\/v2\/media\/500"}],"wp:attachment":[{"href":"https:\/\/sdmetalshed.com\/pt\/wp-json\/wp\/v2\/media?parent=499"}],"wp:term":[{"taxonomy":"product_brand","embeddable":true,"href":"https:\/\/sdmetalshed.com\/pt\/wp-json\/wp\/v2\/product_brand?post=499"},{"taxonomy":"product_cat","embeddable":true,"href":"https:\/\/sdmetalshed.com\/pt\/wp-json\/wp\/v2\/product_cat?post=499"},{"taxonomy":"product_tag","embeddable":true,"href":"https:\/\/sdmetalshed.com\/pt\/wp-json\/wp\/v2\/product_tag?post=499"}],"curies":[{"name":"wp","href":"https:\/\/api.w.org\/{rel}","templated":true}]}}