{"id":505,"date":"2022-02-27T22:57:47","date_gmt":"2022-02-27T14:57:47","guid":{"rendered":"https:\/\/sdmetalshed.com\/?post_type=product&#038;p=505"},"modified":"2022-02-27T22:57:47","modified_gmt":"2022-02-27T14:57:47","slug":"barracao-de-armazenamento-de-ferramentas-de-jardim-ao-ar-livre-de-metal-personalizado-mais-barato-com-4-respiros-e-porta-de-correr","status":"publish","type":"product","link":"https:\/\/sdmetalshed.com\/pt\/product\/cheapest-custom-metal-outdoor-garden-tool-storage-shed-with-4-vents-and-sliding-door\/","title":{"rendered":"Galp\u00e3o de armazenamento de ferramentas de jardim externo de metal personalizado mais barato com 4 aberturas de ventila\u00e7\u00e3o e porta deslizante"},"content":{"rendered":"","protected":false},"excerpt":{"rendered":"<p>1. DIY available: high walls allow to DIY for tool hanging.<br \/>\n2. 4 vents provide well air circulation to keep in good condition.<br \/>\n3. Leak-proof reinforced roof for easy snow removal and rain run off.<\/p>","protected":false},"featured_media":506,"template":"","meta":{"_kad_post_transparent":"default","_kad_post_title":"","_kad_post_layout":"default","_kad_post_sidebar_id":"","_kad_post_content_style":"default","_kad_post_vertical_padding":"default","_kad_post_feature":"","_kad_post_feature_position":"","_kad_post_header":false,"_kad_post_footer":false,"_kad_post_classname":""},"product_brand":[],"product_cat":[33,29,31],"product_tag":[62,113,114,115],"class_list":{"0":"post-505","1":"product","2":"type-product","3":"status-publish","4":"has-post-thumbnail","6":"product_cat-metal-garden-storage-sheds","7":"product_cat-metal-products","8":"product_cat-storage-sheds","9":"product_tag-garden-tool-storage-shed","10":"product_tag-metal-outdoor-storage-shed","11":"product_tag-outdoor-storage-shed-with-4-vents","12":"product_tag-outdoor-storage-shed-with-sliding-door","14":"first","15":"instock","16":"shipping-taxable","17":"product-type-simple","18":"entry","19":"content-bg","20":"loop-entry"},"_links":{"self":[{"href":"https:\/\/sdmetalshed.com\/pt\/wp-json\/wp\/v2\/product\/505","targetHints":{"allow":["GET"]}}],"collection":[{"href":"https:\/\/sdmetalshed.com\/pt\/wp-json\/wp\/v2\/product"}],"about":[{"href":"https:\/\/sdmetalshed.com\/pt\/wp-json\/wp\/v2\/types\/product"}],"wp:featuredmedia":[{"embeddable":true,"href":"https:\/\/sdmetalshed.com\/pt\/wp-json\/wp\/v2\/media\/506"}],"wp:attachment":[{"href":"https:\/\/sdmetalshed.com\/pt\/wp-json\/wp\/v2\/media?parent=505"}],"wp:term":[{"taxonomy":"product_brand","embeddable":true,"href":"https:\/\/sdmetalshed.com\/pt\/wp-json\/wp\/v2\/product_brand?post=505"},{"taxonomy":"product_cat","embeddable":true,"href":"https:\/\/sdmetalshed.com\/pt\/wp-json\/wp\/v2\/product_cat?post=505"},{"taxonomy":"product_tag","embeddable":true,"href":"https:\/\/sdmetalshed.com\/pt\/wp-json\/wp\/v2\/product_tag?post=505"}],"curies":[{"name":"wp","href":"https:\/\/api.w.org\/{rel}","templated":true}]}}