{"id":513,"date":"2022-02-28T09:58:32","date_gmt":"2022-02-28T01:58:32","guid":{"rendered":"https:\/\/sdmetalshed.com\/?post_type=product&#038;p=513"},"modified":"2022-02-28T09:59:24","modified_gmt":"2022-02-28T01:59:24","slug":"unidade-de-armazenamento-de-grande-espaco-em-metal-com-cor-teal-para-deck-ao-ar-livre-jardim-patio","status":"publish","type":"product","link":"https:\/\/sdmetalshed.com\/pt\/product\/large-space-teal-color-metal-outdoor-deck-garden-patio-storage-shed-unit\/","title":{"rendered":"Unidade de armazenamento exterior do p\u00e1tio do jardim da plataforma do metal da cor da cerceta do grande espa\u00e7o"},"content":{"rendered":"","protected":false},"excerpt":{"rendered":"<p>1. Galp\u00e3o de armazenamento de p\u00e1tio de 4,5 p\u00e9s de largura x 3 p\u00e9s de profundidade x 6 p\u00e9s de altura<br \/>\n2. Galvanized steel shed with 12-year warranty<br \/>\n3. DIY assembly with pre-cut and pre-drilled parts<\/p>","protected":false},"featured_media":514,"template":"","meta":{"_kad_post_transparent":"default","_kad_post_title":"","_kad_post_layout":"default","_kad_post_sidebar_id":"","_kad_post_content_style":"default","_kad_post_vertical_padding":"default","_kad_post_feature":"","_kad_post_feature_position":"","_kad_post_header":false,"_kad_post_footer":false,"_kad_post_classname":""},"product_brand":[],"product_cat":[33,29,31],"product_tag":[118,78,113,116,119,117],"class_list":{"0":"post-513","1":"product","2":"type-product","3":"status-publish","4":"has-post-thumbnail","6":"product_cat-metal-garden-storage-sheds","7":"product_cat-metal-products","8":"product_cat-storage-sheds","9":"product_tag-deck-storage-shed","10":"product_tag-garden-storage-shed","11":"product_tag-metal-outdoor-storage-shed","12":"product_tag-metal-outdoor-storage-unit","13":"product_tag-outdoor-storage-shed","14":"product_tag-patio-storage-shed","16":"first","17":"instock","18":"shipping-taxable","19":"product-type-simple","20":"entry","21":"content-bg","22":"loop-entry"},"_links":{"self":[{"href":"https:\/\/sdmetalshed.com\/pt\/wp-json\/wp\/v2\/product\/513","targetHints":{"allow":["GET"]}}],"collection":[{"href":"https:\/\/sdmetalshed.com\/pt\/wp-json\/wp\/v2\/product"}],"about":[{"href":"https:\/\/sdmetalshed.com\/pt\/wp-json\/wp\/v2\/types\/product"}],"wp:featuredmedia":[{"embeddable":true,"href":"https:\/\/sdmetalshed.com\/pt\/wp-json\/wp\/v2\/media\/514"}],"wp:attachment":[{"href":"https:\/\/sdmetalshed.com\/pt\/wp-json\/wp\/v2\/media?parent=513"}],"wp:term":[{"taxonomy":"product_brand","embeddable":true,"href":"https:\/\/sdmetalshed.com\/pt\/wp-json\/wp\/v2\/product_brand?post=513"},{"taxonomy":"product_cat","embeddable":true,"href":"https:\/\/sdmetalshed.com\/pt\/wp-json\/wp\/v2\/product_cat?post=513"},{"taxonomy":"product_tag","embeddable":true,"href":"https:\/\/sdmetalshed.com\/pt\/wp-json\/wp\/v2\/product_tag?post=513"}],"curies":[{"name":"wp","href":"https:\/\/api.w.org\/{rel}","templated":true}]}}