{"id":519,"date":"2022-02-28T10:59:21","date_gmt":"2022-02-28T02:59:21","guid":{"rendered":"https:\/\/sdmetalshed.com\/?post_type=product&#038;p=519"},"modified":"2022-02-28T10:59:21","modified_gmt":"2022-02-28T02:59:21","slug":"galpao-de-armazenamento-ao-ar-livre-de-montagem-rapida-com-gable-baixo-e-servicos-personalizados-gratis","status":"publish","type":"product","link":"https:\/\/sdmetalshed.com\/pt\/product\/quick-assembly-low-gable-lifetime-outdoor-storage-shed-with-free-custom-services\/","title":{"rendered":"Galp\u00e3o de armazenamento externo vital\u00edcio de baixo front\u00e3o de montagem r\u00e1pida com servi\u00e7os personalizados gratuitos"},"content":{"rendered":"","protected":false},"excerpt":{"rendered":"<p>O galp\u00e3o de armazenamento de montagem r\u00e1pida \u00e9 um galp\u00e3o de a\u00e7o galvanizado dur\u00e1vel e feito para durar. Possui o revolucion\u00e1rio sistema de montagem r\u00e1pida Snap-IT que reduz o tempo de montagem em 50% em compara\u00e7\u00e3o com a maioria dos galp\u00f5es de a\u00e7o no mercado atualmente. O galp\u00e3o de armazenamento de montagem r\u00e1pida tem um n\u00famero reduzido de fixadores nas paredes, telhado e portas e n\u00e3o h\u00e1 conex\u00f5es mais dif\u00edceis de porcas\/parafusos \u2013 portanto a montagem \u00e9 mais r\u00e1pida e f\u00e1cil. O galp\u00e3o de armazenamento de montagem r\u00e1pida apresenta um design 2x mais resistente do que os principais galp\u00f5es de a\u00e7o do mercado. A geometria exclusiva do painel \u00e9 mais resistente a impactos e, com os pain\u00e9is Snap-IT sobrepostos que se conectam a cada 12 pol., apresenta um design geral de constru\u00e7\u00e3o mais forte. O galp\u00e3o de armazenamento de montagem r\u00e1pida tamb\u00e9m apresenta montagem de telhado aprimorada que permite a montagem do telhado no solo para uma fixa\u00e7\u00e3o mais f\u00e1cil e r\u00e1pida. O galp\u00e3o de armazenamento de montagem r\u00e1pida n\u00e3o \u00e9 apenas um galp\u00e3o mais resistente com montagem mais r\u00e1pida, mas tamb\u00e9m uma vers\u00e3o mais moderna e atraente dos galp\u00f5es de armazenamento externos. O galp\u00e3o de armazenamento de montagem r\u00e1pida est\u00e1 dispon\u00edvel em uma paleta de cores atualizada que o torna uma solu\u00e7\u00e3o de armazenamento moderna e elegante para quintais, p\u00e1tios e \u00e1reas de jardim. O galp\u00e3o de armazenamento de montagem r\u00e1pida n\u00e3o apenas parece melhor; tamb\u00e9m oferece melhor espa\u00e7o de armazenamento.<\/p>","protected":false},"featured_media":520,"template":"","meta":{"_kad_post_transparent":"default","_kad_post_title":"","_kad_post_layout":"default","_kad_post_sidebar_id":"","_kad_post_content_style":"default","_kad_post_vertical_padding":"default","_kad_post_feature":"","_kad_post_feature_position":"","_kad_post_header":false,"_kad_post_footer":false,"_kad_post_classname":""},"product_brand":[],"product_cat":[33,29,31],"product_tag":[122,121,119,120],"class_list":{"0":"post-519","1":"product","2":"type-product","3":"status-publish","4":"has-post-thumbnail","6":"product_cat-metal-garden-storage-sheds","7":"product_cat-metal-products","8":"product_cat-storage-sheds","9":"product_tag-lifetime-outdoor-storage-shed","10":"product_tag-low-gable-storage-shed","11":"product_tag-outdoor-storage-shed","12":"product_tag-quick-assembly-storage-shed","14":"first","15":"instock","16":"shipping-taxable","17":"product-type-simple","18":"entry","19":"content-bg","20":"loop-entry"},"_links":{"self":[{"href":"https:\/\/sdmetalshed.com\/pt\/wp-json\/wp\/v2\/product\/519","targetHints":{"allow":["GET"]}}],"collection":[{"href":"https:\/\/sdmetalshed.com\/pt\/wp-json\/wp\/v2\/product"}],"about":[{"href":"https:\/\/sdmetalshed.com\/pt\/wp-json\/wp\/v2\/types\/product"}],"wp:featuredmedia":[{"embeddable":true,"href":"https:\/\/sdmetalshed.com\/pt\/wp-json\/wp\/v2\/media\/520"}],"wp:attachment":[{"href":"https:\/\/sdmetalshed.com\/pt\/wp-json\/wp\/v2\/media?parent=519"}],"wp:term":[{"taxonomy":"product_brand","embeddable":true,"href":"https:\/\/sdmetalshed.com\/pt\/wp-json\/wp\/v2\/product_brand?post=519"},{"taxonomy":"product_cat","embeddable":true,"href":"https:\/\/sdmetalshed.com\/pt\/wp-json\/wp\/v2\/product_cat?post=519"},{"taxonomy":"product_tag","embeddable":true,"href":"https:\/\/sdmetalshed.com\/pt\/wp-json\/wp\/v2\/product_tag?post=519"}],"curies":[{"name":"wp","href":"https:\/\/api.w.org\/{rel}","templated":true}]}}