{"id":536,"date":"2022-02-28T14:19:28","date_gmt":"2022-02-28T06:19:28","guid":{"rendered":"https:\/\/sdmetalshed.com\/?post_type=product&#038;p=536"},"modified":"2022-02-28T14:19:28","modified_gmt":"2022-02-28T06:19:28","slug":"barracao-de-armazenamento-pequeno-de-metal-classico-para-jardim-no-quintal-em-cor-azul-cinza-da-fabrica-chinesa","status":"publish","type":"product","link":"https:\/\/sdmetalshed.com\/pt\/product\/classical-small-metal-storage-shed-for-garden-backyard-in-blue-grey-color-from-china-factory\/","title":{"rendered":"Galp\u00e3o de armazenamento de metal pequeno cl\u00e1ssico para quintal de jardim na cor azul cinza da f\u00e1brica na China"},"content":{"rendered":"","protected":false},"excerpt":{"rendered":"<p>Voc\u00ea est\u00e1 procurando uma unidade de armazenamento pr\u00e1tica e robusta para o seu quintal. O pequeno galp\u00e3o de armazenamento de a\u00e7o da s\u00e9rie cl\u00e1ssica foi projetado para proteger seus equipamentos de paisagismo, ferramentas e materiais de jardinagem, protegidos das intemp\u00e9ries. O galp\u00e3o \u00e9 feito de a\u00e7o galvanizado tratado para evitar ferrugem e corros\u00e3o. Possui um telhado de duas \u00e1guas baixo projetado para evitar o ac\u00famulo de \u00e1gua. Possui portas de correr que podem ser trancadas com cadeado. O pequeno cl\u00e1ssico tamb\u00e9m \u00e9 uma unidade bonita. Os atemporais pain\u00e9is de parede verticais do galp\u00e3o t\u00eam acabamento com acabamento de pintura Sherwin-Williams liso e resistente que protege contra as intemp\u00e9ries e veda o a\u00e7o contra ferrugem e corros\u00e3o.<\/p>","protected":false},"featured_media":537,"template":"","meta":{"_kad_post_transparent":"default","_kad_post_title":"","_kad_post_layout":"default","_kad_post_sidebar_id":"","_kad_post_content_style":"default","_kad_post_vertical_padding":"default","_kad_post_feature":"","_kad_post_feature_position":"","_kad_post_header":false,"_kad_post_footer":false,"_kad_post_classname":""},"product_brand":[],"product_cat":[33,29,31],"product_tag":[130,128,129,127],"class_list":{"0":"post-536","1":"product","2":"type-product","3":"status-publish","4":"has-post-thumbnail","6":"product_cat-metal-garden-storage-sheds","7":"product_cat-metal-products","8":"product_cat-storage-sheds","9":"product_tag-backyard-metal-storage-shed","10":"product_tag-classical-metal-storage-shed","11":"product_tag-garden-metal-storage-shed","12":"product_tag-small-metal-storage-shed","14":"first","15":"instock","16":"shipping-taxable","17":"product-type-simple","18":"entry","19":"content-bg","20":"loop-entry"},"_links":{"self":[{"href":"https:\/\/sdmetalshed.com\/pt\/wp-json\/wp\/v2\/product\/536","targetHints":{"allow":["GET"]}}],"collection":[{"href":"https:\/\/sdmetalshed.com\/pt\/wp-json\/wp\/v2\/product"}],"about":[{"href":"https:\/\/sdmetalshed.com\/pt\/wp-json\/wp\/v2\/types\/product"}],"wp:featuredmedia":[{"embeddable":true,"href":"https:\/\/sdmetalshed.com\/pt\/wp-json\/wp\/v2\/media\/537"}],"wp:attachment":[{"href":"https:\/\/sdmetalshed.com\/pt\/wp-json\/wp\/v2\/media?parent=536"}],"wp:term":[{"taxonomy":"product_brand","embeddable":true,"href":"https:\/\/sdmetalshed.com\/pt\/wp-json\/wp\/v2\/product_brand?post=536"},{"taxonomy":"product_cat","embeddable":true,"href":"https:\/\/sdmetalshed.com\/pt\/wp-json\/wp\/v2\/product_cat?post=536"},{"taxonomy":"product_tag","embeddable":true,"href":"https:\/\/sdmetalshed.com\/pt\/wp-json\/wp\/v2\/product_tag?post=536"}],"curies":[{"name":"wp","href":"https:\/\/api.w.org\/{rel}","templated":true}]}}