{"id":543,"date":"2022-02-28T14:37:04","date_gmt":"2022-02-28T06:37:04","guid":{"rendered":"https:\/\/sdmetalshed.com\/?post_type=product&#038;p=543"},"modified":"2022-02-28T14:37:05","modified_gmt":"2022-02-28T06:37:05","slug":"de-alta-qualidade-acessivel-grande-ao-ar-livre-metal-armazem-casinha-construcao-kits-para-a-floresta","status":"publish","type":"product","link":"https:\/\/sdmetalshed.com\/pt\/product\/premium-quality-affordable-large-outdoor-metal-storage-shed-building-kits-for-woodland\/","title":{"rendered":"Kits de constru\u00e7\u00e3o de galp\u00e3o de armazenamento de metal ao ar livre grande e acess\u00edvel de qualidade premium para floresta"},"content":{"rendered":"","protected":false},"excerpt":{"rendered":"<p>Este grande abrigo de armazenamento met\u00e1lico para exterior oferece uma solu\u00e7\u00e3o perfeita para as suas necessidades de armazenamento exterior. Esses galp\u00f5es de a\u00e7o galvanizado de alta qualidade fornecem um espa\u00e7o seguro para suas ferramentas de gramado e jardim, itens sazonais e equipamentos esportivos. Combina\u00e7\u00f5es de cores modernas complementam qualquer espa\u00e7o de quintal. Usar o nosso sistema de montagem exclusivo economiza tempo de montagem e utiliza 75% menos parafusos. Portas largas com dobradi\u00e7as duplas e uma rampa baixa de entrada\/sa\u00edda oferecem f\u00e1cil acessibilidade para todas as suas necessidades de armazenamento. Todas as pe\u00e7as s\u00e3o pr\u00e9-cortadas e incluem furos pr\u00e9-perfurados para f\u00e1cil montagem.<\/p>","protected":false},"featured_media":544,"template":"","meta":{"_kad_post_transparent":"default","_kad_post_title":"","_kad_post_layout":"default","_kad_post_sidebar_id":"","_kad_post_content_style":"default","_kad_post_vertical_padding":"default","_kad_post_feature":"","_kad_post_feature_position":"","_kad_post_header":false,"_kad_post_footer":false,"_kad_post_classname":""},"product_brand":[],"product_cat":[33,29,31],"product_tag":[131,132,133,104,135,134],"class_list":{"0":"post-543","1":"product","2":"type-product","3":"status-publish","4":"has-post-thumbnail","6":"product_cat-metal-garden-storage-sheds","7":"product_cat-metal-products","8":"product_cat-storage-sheds","9":"product_tag-affordable-outdoor-metal-storage-shed","10":"product_tag-large-outdoor-metal-storage-shed","11":"product_tag-large-storage-building-kits","12":"product_tag-outdoor-metal-storage-shed","13":"product_tag-outdoor-storage-building-kits","14":"product_tag-woodland-metal-storage-shed","16":"first","17":"instock","18":"shipping-taxable","19":"product-type-simple","20":"entry","21":"content-bg","22":"loop-entry"},"_links":{"self":[{"href":"https:\/\/sdmetalshed.com\/pt\/wp-json\/wp\/v2\/product\/543","targetHints":{"allow":["GET"]}}],"collection":[{"href":"https:\/\/sdmetalshed.com\/pt\/wp-json\/wp\/v2\/product"}],"about":[{"href":"https:\/\/sdmetalshed.com\/pt\/wp-json\/wp\/v2\/types\/product"}],"wp:featuredmedia":[{"embeddable":true,"href":"https:\/\/sdmetalshed.com\/pt\/wp-json\/wp\/v2\/media\/544"}],"wp:attachment":[{"href":"https:\/\/sdmetalshed.com\/pt\/wp-json\/wp\/v2\/media?parent=543"}],"wp:term":[{"taxonomy":"product_brand","embeddable":true,"href":"https:\/\/sdmetalshed.com\/pt\/wp-json\/wp\/v2\/product_brand?post=543"},{"taxonomy":"product_cat","embeddable":true,"href":"https:\/\/sdmetalshed.com\/pt\/wp-json\/wp\/v2\/product_cat?post=543"},{"taxonomy":"product_tag","embeddable":true,"href":"https:\/\/sdmetalshed.com\/pt\/wp-json\/wp\/v2\/product_tag?post=543"}],"curies":[{"name":"wp","href":"https:\/\/api.w.org\/{rel}","templated":true}]}}