{"id":552,"date":"2022-02-28T19:29:16","date_gmt":"2022-02-28T11:29:16","guid":{"rendered":"https:\/\/sdmetalshed.com\/?post_type=product&#038;p=552"},"modified":"2022-02-28T19:29:17","modified_gmt":"2022-02-28T11:29:17","slug":"vendas-quentes-6-ft-x-3-ft-horizontal-ao-ar-livre-contentor-de-lixo-armazem-para-contentor-de-lixo","status":"publish","type":"product","link":"https:\/\/sdmetalshed.com\/pt\/product\/hot-sales-6-ft-x-3-ft-horizontal-outdoor-trash-bin-storage-shed-garbage-can-storage-shed\/","title":{"rendered":"Vendas quentes 6 p\u00e9s x 3 p\u00e9s. Lixeira externa horizontal, galp\u00e3o de armazenamento, lata de lixo, galp\u00e3o de armazenamento"},"content":{"rendered":"","protected":false},"excerpt":{"rendered":"<p>Este galp\u00e3o de armazenamento de lixeira ao ar livre \u00e9 uma excelente solu\u00e7\u00e3o multifuncional e atraente para atender \u00e0s suas necessidades comuns de armazenamento. \u00d3timo para p\u00e1tios, decks ou campos esportivos, o galp\u00e3o de armazenamento de lixo externo econ\u00f4mico de 6 p\u00e9s x 3 p\u00e9s \u00e9 f\u00e1cil de colocar e seria um \u00f3timo lar para bicicletas, latas de lixo, equipamentos de p\u00e1tio, equipamentos esportivos e muito mais. 2 portas girat\u00f3rias largas e bloque\u00e1veis \u200b\u200bproporcionam f\u00e1cil acesso aos itens armazenados. Elevadores pneum\u00e1ticos auxiliam na abertura e fechamento da tampa. Um projeto de telhado inclinado permite o escoamento e drenagem da \u00e1gua. Fabricado com materiais de a\u00e7o galvanizado dur\u00e1veis. O galp\u00e3o de armazenamento de lixeira ao ar livre, em uma moderna cor carv\u00e3o, cabe na maioria dos 96 gal\u00f5es. latas de lixo.<\/p>","protected":false},"featured_media":553,"template":"","meta":{"_kad_post_transparent":"default","_kad_post_title":"","_kad_post_layout":"default","_kad_post_sidebar_id":"","_kad_post_content_style":"default","_kad_post_vertical_padding":"default","_kad_post_feature":"","_kad_post_feature_position":"","_kad_post_header":false,"_kad_post_footer":false,"_kad_post_classname":""},"product_brand":[],"product_cat":[29,31,34],"product_tag":[141,137,140,138,139,136],"class_list":{"0":"post-552","1":"product","2":"type-product","3":"status-publish","4":"has-post-thumbnail","6":"product_cat-metal-products","7":"product_cat-storage-sheds","8":"product_cat-trash-bin-storage-sheds","9":"product_tag-garbage-can-storage-shed","10":"product_tag-garbage-metal-shed","11":"product_tag-horizontal-trash-bin-storage-shed","12":"product_tag-horizontal-trash-can","13":"product_tag-outdoor-trash-bin-storage-shed","14":"product_tag-steel-horizontal-shed","16":"first","17":"instock","18":"shipping-taxable","19":"product-type-simple","20":"entry","21":"content-bg","22":"loop-entry"},"_links":{"self":[{"href":"https:\/\/sdmetalshed.com\/pt\/wp-json\/wp\/v2\/product\/552","targetHints":{"allow":["GET"]}}],"collection":[{"href":"https:\/\/sdmetalshed.com\/pt\/wp-json\/wp\/v2\/product"}],"about":[{"href":"https:\/\/sdmetalshed.com\/pt\/wp-json\/wp\/v2\/types\/product"}],"wp:featuredmedia":[{"embeddable":true,"href":"https:\/\/sdmetalshed.com\/pt\/wp-json\/wp\/v2\/media\/553"}],"wp:attachment":[{"href":"https:\/\/sdmetalshed.com\/pt\/wp-json\/wp\/v2\/media?parent=552"}],"wp:term":[{"taxonomy":"product_brand","embeddable":true,"href":"https:\/\/sdmetalshed.com\/pt\/wp-json\/wp\/v2\/product_brand?post=552"},{"taxonomy":"product_cat","embeddable":true,"href":"https:\/\/sdmetalshed.com\/pt\/wp-json\/wp\/v2\/product_cat?post=552"},{"taxonomy":"product_tag","embeddable":true,"href":"https:\/\/sdmetalshed.com\/pt\/wp-json\/wp\/v2\/product_tag?post=552"}],"curies":[{"name":"wp","href":"https:\/\/api.w.org\/{rel}","templated":true}]}}