{"id":573,"date":"2022-02-28T22:59:24","date_gmt":"2022-02-28T14:59:24","guid":{"rendered":"https:\/\/sdmetalshed.com\/?post_type=product&#038;p=573"},"modified":"2022-02-28T22:59:24","modified_gmt":"2022-02-28T14:59:24","slug":"melhor-barracao-de-armazenamento-de-bicicletas-horizontais-em-metal-para-uso-ao-ar-livre-na-cor-cinza-escuro","status":"publish","type":"product","link":"https:\/\/sdmetalshed.com\/pt\/product\/best-multi-use-outdoor-metal-horizontal-bike-storage-shed-in-dark-grey-color\/","title":{"rendered":"Melhor galp\u00e3o de armazenamento horizontal para bicicletas de metal ao ar livre multiuso na cor cinza escuro"},"content":{"rendered":"","protected":false},"excerpt":{"rendered":"<p>Mantenha tudo organizado com este conveniente galp\u00e3o de armazenamento multiuso 2 em 1 de f\u00e1brica na China. Nossa maravilha 2 em 1 inclui 2 \u00e1reas de armazenamento seguras separadas em 1 unidade. O design do telhado coberto permite o escoamento eficiente da \u00e1gua para manter tudo seco. A \u00e1rea de armazenamento frontal tem portas duplas articuladas para f\u00e1cil acesso e \u00e9 protegida com fechadura e chave. A \u00e1rea de armazenamento lateral tem uma porta \u00fanica com dobradi\u00e7as que tamb\u00e9m \u00e9 protegida com ma\u00e7aneta e chave. Forte e dur\u00e1vel, este galp\u00e3o elegante \u00e9 constru\u00eddo com a\u00e7o galvanizado com revestimento em p\u00f3 que \u00e9 resistente \u00e0 ferrugem, corros\u00e3o e raios UV.<\/p>","protected":false},"featured_media":574,"template":"","meta":{"_kad_post_transparent":"default","_kad_post_title":"","_kad_post_layout":"default","_kad_post_sidebar_id":"","_kad_post_content_style":"default","_kad_post_vertical_padding":"default","_kad_post_feature":"","_kad_post_feature_position":"","_kad_post_header":false,"_kad_post_footer":false,"_kad_post_classname":""},"product_brand":[],"product_cat":[36,29,31],"product_tag":[151,153,154,150,152],"class_list":{"0":"post-573","1":"product","2":"type-product","3":"status-publish","4":"has-post-thumbnail","6":"product_cat-metal-bicycle-storage-cabinet-locker","7":"product_cat-metal-products","8":"product_cat-storage-sheds","9":"product_tag-bike-storage-shed","10":"product_tag-horizontal-bike-storage-shed","11":"product_tag-metal-bike-storage-shed","12":"product_tag-multi-use-outdoor-storage-shed","13":"product_tag-outdoor-bike-storage-shed","15":"first","16":"instock","17":"shipping-taxable","18":"product-type-simple","19":"entry","20":"content-bg","21":"loop-entry"},"_links":{"self":[{"href":"https:\/\/sdmetalshed.com\/pt\/wp-json\/wp\/v2\/product\/573","targetHints":{"allow":["GET"]}}],"collection":[{"href":"https:\/\/sdmetalshed.com\/pt\/wp-json\/wp\/v2\/product"}],"about":[{"href":"https:\/\/sdmetalshed.com\/pt\/wp-json\/wp\/v2\/types\/product"}],"wp:featuredmedia":[{"embeddable":true,"href":"https:\/\/sdmetalshed.com\/pt\/wp-json\/wp\/v2\/media\/574"}],"wp:attachment":[{"href":"https:\/\/sdmetalshed.com\/pt\/wp-json\/wp\/v2\/media?parent=573"}],"wp:term":[{"taxonomy":"product_brand","embeddable":true,"href":"https:\/\/sdmetalshed.com\/pt\/wp-json\/wp\/v2\/product_brand?post=573"},{"taxonomy":"product_cat","embeddable":true,"href":"https:\/\/sdmetalshed.com\/pt\/wp-json\/wp\/v2\/product_cat?post=573"},{"taxonomy":"product_tag","embeddable":true,"href":"https:\/\/sdmetalshed.com\/pt\/wp-json\/wp\/v2\/product_tag?post=573"}],"curies":[{"name":"wp","href":"https:\/\/api.w.org\/{rel}","templated":true}]}}