{"id":579,"date":"2022-02-28T23:16:04","date_gmt":"2022-02-28T15:16:04","guid":{"rendered":"https:\/\/sdmetalshed.com\/?post_type=product&#038;p=579"},"modified":"2022-03-08T16:09:46","modified_gmt":"2022-03-08T08:09:46","slug":"carrinho-dinamarques-para-contentor-de-flores-carrinho-holandes-de-exibicao-de-plantas-e-flores-fornecedor","status":"publish","type":"product","link":"https:\/\/sdmetalshed.com\/pt\/product\/danish-flower-container-trolley-dutch-plant-and-flower-display-cart-trolleys-supplier\/","title":{"rendered":"Carrinho dinamarqu\u00eas para recipientes de flores Fornecedor holand\u00eas de carrinhos para exibi\u00e7\u00e3o de plantas e flores"},"content":{"rendered":"","protected":false},"excerpt":{"rendered":"<p>Os carrinhos de flores s\u00e3o importantes na ind\u00fastria de estufas para movimenta\u00e7\u00e3o e exibi\u00e7\u00e3o de plantas. Eles est\u00e3o dispon\u00edveis para atender quase todas as necessidades dos produtores: transporte, compras, mudas do produtor, exposi\u00e7\u00e3o e outros servi\u00e7os ao cliente.<\/p>","protected":false},"featured_media":580,"template":"","meta":{"_kad_post_transparent":"default","_kad_post_title":"","_kad_post_layout":"default","_kad_post_sidebar_id":"","_kad_post_content_style":"default","_kad_post_vertical_padding":"default","_kad_post_feature":"","_kad_post_feature_position":"","_kad_post_header":false,"_kad_post_footer":false,"_kad_post_classname":""},"product_brand":[],"product_cat":[32,29],"product_tag":[155,156,157],"class_list":{"0":"post-579","1":"product","2":"type-product","3":"status-publish","4":"has-post-thumbnail","6":"product_cat-flower-trolley-cart","7":"product_cat-metal-products","8":"product_tag-danish-flower-trolley","9":"product_tag-danish-plant-container-trolley","10":"product_tag-dutch-plant-and-flower-display-cart-trolley","12":"first","13":"instock","14":"featured","15":"shipping-taxable","16":"product-type-simple","17":"entry","18":"content-bg","19":"loop-entry"},"_links":{"self":[{"href":"https:\/\/sdmetalshed.com\/pt\/wp-json\/wp\/v2\/product\/579","targetHints":{"allow":["GET"]}}],"collection":[{"href":"https:\/\/sdmetalshed.com\/pt\/wp-json\/wp\/v2\/product"}],"about":[{"href":"https:\/\/sdmetalshed.com\/pt\/wp-json\/wp\/v2\/types\/product"}],"wp:featuredmedia":[{"embeddable":true,"href":"https:\/\/sdmetalshed.com\/pt\/wp-json\/wp\/v2\/media\/580"}],"wp:attachment":[{"href":"https:\/\/sdmetalshed.com\/pt\/wp-json\/wp\/v2\/media?parent=579"}],"wp:term":[{"taxonomy":"product_brand","embeddable":true,"href":"https:\/\/sdmetalshed.com\/pt\/wp-json\/wp\/v2\/product_brand?post=579"},{"taxonomy":"product_cat","embeddable":true,"href":"https:\/\/sdmetalshed.com\/pt\/wp-json\/wp\/v2\/product_cat?post=579"},{"taxonomy":"product_tag","embeddable":true,"href":"https:\/\/sdmetalshed.com\/pt\/wp-json\/wp\/v2\/product_tag?post=579"}],"curies":[{"name":"wp","href":"https:\/\/api.w.org\/{rel}","templated":true}]}}