{"id":586,"date":"2022-03-01T12:23:46","date_gmt":"2022-03-01T04:23:46","guid":{"rendered":"https:\/\/sdmetalshed.com\/?post_type=product&#038;p=586"},"modified":"2022-03-01T12:23:46","modified_gmt":"2022-03-01T04:23:46","slug":"kit-de-barracao-hibrido-de-metal-ironwood-para-jardim-e-armazenamento-de-ferramentas-no-quintal","status":"publish","type":"product","link":"https:\/\/sdmetalshed.com\/pt\/product\/ironwood-metal-hybrid-shed-kit-for-garden-backyard-tool-storage\/","title":{"rendered":"Kit de galp\u00e3o h\u00edbrido de metal de madeira de ferro para armazenamento de ferramentas de quintal de jardim em 10 p\u00e9s x 8 p\u00e9s."},"content":{"rendered":"","protected":false},"excerpt":{"rendered":"<p>Com o kit de galp\u00e3o Ironwood, voc\u00ea obter\u00e1 quase tudo o que precisa para construir seu pr\u00f3prio galp\u00e3o de acordo com suas especifica\u00e7\u00f5es. Voc\u00ea obter\u00e1 a \u00f3tima apar\u00eancia de um galp\u00e3o de madeira a um pre\u00e7o mais acess\u00edvel com este galp\u00e3o h\u00edbrido de painel de a\u00e7o e madeira. Este kit inclui todos os componentes de a\u00e7o que voc\u00ea precisa para construir seu pr\u00f3prio galp\u00e3o, tudo que voc\u00ea precisa \u00e9 comprar o painel de madeira que melhor atende \u00e0s suas necessidades (pain\u00e9is de madeira vendidos separadamente). Em seguida, pinte e trate sua madeira e escolha o desenho do seu galp\u00e3o (vertical ou horizontal). Seu kit de galp\u00e3o apresenta pe\u00e7as totalmente em a\u00e7o onde voc\u00ea mais precisa em seu galp\u00e3o. Possui vigas de suporte de a\u00e7o galvanizado para maior resist\u00eancia e resist\u00eancia \u00e0 corros\u00e3o. O galp\u00e3o de empena alta oferece ampla altura de armazenamento que permite armazenar itens a granel e permite f\u00e1cil acesso. Portas deslizantes com fechadura mant\u00eam seus itens seguros. Obtenha um kit de galp\u00e3o excelente e acess\u00edvel hoje.<\/p>","protected":false},"featured_media":587,"template":"","meta":{"_kad_post_transparent":"default","_kad_post_title":"","_kad_post_layout":"default","_kad_post_sidebar_id":"","_kad_post_content_style":"default","_kad_post_vertical_padding":"default","_kad_post_feature":"","_kad_post_feature_position":"","_kad_post_header":false,"_kad_post_footer":false,"_kad_post_classname":""},"product_brand":[],"product_cat":[33,29,31],"product_tag":[160,159,158],"class_list":{"0":"post-586","1":"product","2":"type-product","3":"status-publish","4":"has-post-thumbnail","6":"product_cat-metal-garden-storage-sheds","7":"product_cat-metal-products","8":"product_cat-storage-sheds","9":"product_tag-backyard-tool-storage-shed-kit","10":"product_tag-garden-tool-storage-shed-kit","11":"product_tag-ironwood-metal-hybrid-shed-kit","13":"first","14":"instock","15":"shipping-taxable","16":"product-type-simple","17":"entry","18":"content-bg","19":"loop-entry"},"_links":{"self":[{"href":"https:\/\/sdmetalshed.com\/pt\/wp-json\/wp\/v2\/product\/586","targetHints":{"allow":["GET"]}}],"collection":[{"href":"https:\/\/sdmetalshed.com\/pt\/wp-json\/wp\/v2\/product"}],"about":[{"href":"https:\/\/sdmetalshed.com\/pt\/wp-json\/wp\/v2\/types\/product"}],"wp:featuredmedia":[{"embeddable":true,"href":"https:\/\/sdmetalshed.com\/pt\/wp-json\/wp\/v2\/media\/587"}],"wp:attachment":[{"href":"https:\/\/sdmetalshed.com\/pt\/wp-json\/wp\/v2\/media?parent=586"}],"wp:term":[{"taxonomy":"product_brand","embeddable":true,"href":"https:\/\/sdmetalshed.com\/pt\/wp-json\/wp\/v2\/product_brand?post=586"},{"taxonomy":"product_cat","embeddable":true,"href":"https:\/\/sdmetalshed.com\/pt\/wp-json\/wp\/v2\/product_cat?post=586"},{"taxonomy":"product_tag","embeddable":true,"href":"https:\/\/sdmetalshed.com\/pt\/wp-json\/wp\/v2\/product_tag?post=586"}],"curies":[{"name":"wp","href":"https:\/\/api.w.org\/{rel}","templated":true}]}}