{"id":594,"date":"2022-03-01T13:49:18","date_gmt":"2022-03-01T05:49:18","guid":{"rendered":"https:\/\/sdmetalshed.com\/?post_type=product&#038;p=594"},"modified":"2022-03-01T13:49:18","modified_gmt":"2022-03-01T05:49:18","slug":"moderno-exterior-metal-jardim-patio-quintal-armazem","status":"publish","type":"product","link":"https:\/\/sdmetalshed.com\/pt\/product\/modern-outdoor-metal-garden-patio-backyard-storage-shed\/","title":{"rendered":"Galp\u00e3o de armazenamento moderno para jardim de metal ao ar livre, p\u00e1tio e quintal, 5,9 p\u00e9s x 3,2 p\u00e9s x 2,7 p\u00e9s."},"content":{"rendered":"","protected":false},"excerpt":{"rendered":"<p>Armazene e proteja seus suprimentos de jardim neste galp\u00e3o de armazenamento de p\u00e1tio forte e dur\u00e1vel, constru\u00eddo por este moderno galp\u00e3o de armazenamento de metal para exterior. Com 6 p\u00e9s quadrados de espa\u00e7o interno, este galp\u00e3o compacto \u00e9 constru\u00eddo em a\u00e7o galvanizado com revestimento em p\u00f3, resistente \u00e0 ferrugem, corros\u00e3o e raios UV. 2 porta-ferramentas oferecem op\u00e7\u00f5es de armazenamento elevadas para maximizar o espa\u00e7o. A porta \u00fanica com dobradi\u00e7as abre totalmente para permitir f\u00e1cil acesso e \u00e9 protegida com uma fechadura girat\u00f3ria e chave. Para todas as suas necessidades de armazenamento ao ar livre.<\/p>","protected":false},"featured_media":595,"template":"","meta":{"_kad_post_transparent":"default","_kad_post_title":"","_kad_post_layout":"default","_kad_post_sidebar_id":"","_kad_post_content_style":"default","_kad_post_vertical_padding":"default","_kad_post_feature":"","_kad_post_feature_position":"","_kad_post_header":false,"_kad_post_footer":false,"_kad_post_classname":""},"product_brand":[],"product_cat":[33,29,31],"product_tag":[164,162,163,161,104],"class_list":{"0":"post-594","1":"product","2":"type-product","3":"status-publish","4":"has-post-thumbnail","6":"product_cat-metal-garden-storage-sheds","7":"product_cat-metal-products","8":"product_cat-storage-sheds","9":"product_tag-metal-backyard-storage-shed","10":"product_tag-metal-garden-storage-shed","11":"product_tag-metal-patio-storage-shed","12":"product_tag-modern-outdoor-storage-shed","13":"product_tag-outdoor-metal-storage-shed","15":"first","16":"instock","17":"shipping-taxable","18":"product-type-simple","19":"entry","20":"content-bg","21":"loop-entry"},"_links":{"self":[{"href":"https:\/\/sdmetalshed.com\/pt\/wp-json\/wp\/v2\/product\/594","targetHints":{"allow":["GET"]}}],"collection":[{"href":"https:\/\/sdmetalshed.com\/pt\/wp-json\/wp\/v2\/product"}],"about":[{"href":"https:\/\/sdmetalshed.com\/pt\/wp-json\/wp\/v2\/types\/product"}],"wp:featuredmedia":[{"embeddable":true,"href":"https:\/\/sdmetalshed.com\/pt\/wp-json\/wp\/v2\/media\/595"}],"wp:attachment":[{"href":"https:\/\/sdmetalshed.com\/pt\/wp-json\/wp\/v2\/media?parent=594"}],"wp:term":[{"taxonomy":"product_brand","embeddable":true,"href":"https:\/\/sdmetalshed.com\/pt\/wp-json\/wp\/v2\/product_brand?post=594"},{"taxonomy":"product_cat","embeddable":true,"href":"https:\/\/sdmetalshed.com\/pt\/wp-json\/wp\/v2\/product_cat?post=594"},{"taxonomy":"product_tag","embeddable":true,"href":"https:\/\/sdmetalshed.com\/pt\/wp-json\/wp\/v2\/product_tag?post=594"}],"curies":[{"name":"wp","href":"https:\/\/api.w.org\/{rel}","templated":true}]}}