{"id":608,"date":"2022-03-01T21:10:41","date_gmt":"2022-03-01T13:10:41","guid":{"rendered":"https:\/\/sdmetalshed.com\/?post_type=product&#038;p=608"},"modified":"2022-03-01T21:10:41","modified_gmt":"2022-03-01T13:10:41","slug":"outdoor-garden-storage-building-metal-garden-tool-storage-shed-with-sliding-door","status":"publish","type":"product","link":"https:\/\/sdmetalshed.com\/pt\/product\/outdoor-garden-storage-building-metal-garden-tool-storage-shed-with-sliding-door\/","title":{"rendered":"Galp\u00e3o de armazenamento de ferramentas de jardim de metal para constru\u00e7\u00e3o de jardim externo com porta deslizante"},"content":{"rendered":"","protected":false},"excerpt":{"rendered":"<p>Voc\u00ea est\u00e1 pensando em comprar um galp\u00e3o para evitar bagun\u00e7a ao ar livre? Este edif\u00edcio de armazenamento externo de 8,4 p\u00e9s x 8,4 p\u00e9s com um elegante telhado de duas \u00e1guas e portas duplas com fechadura pode ser uma op\u00e7\u00e3o perfeita, que pode adicionar apelo ao seu quintal ou jardim enquanto atua como uma extens\u00e3o da sua casa. A estrutura de metal resistente e \u00e0 prova de intemp\u00e9ries com um interior espa\u00e7oso oferece espa\u00e7o espa\u00e7oso para guardar seus cortadores de grama, ferramentas de jardinagem, bicicletas e alguns sacos de compostagem extras. Voc\u00ea tamb\u00e9m pode usar a casa organizadora de ferramentas com aberturas de ventila\u00e7\u00e3o como uma esta\u00e7\u00e3o de envasamento para suas plantas ou como uma poss\u00edvel \u00e1rea de recrea\u00e7\u00e3o para crian\u00e7as em dias chuvosos. No geral, este galp\u00e3o moderno de alta qualidade \u00e9 um \u00f3timo investimento para quem deseja muito tempo e espa\u00e7o ao ar livre.<\/p>","protected":false},"featured_media":609,"template":"","meta":{"_kad_post_transparent":"default","_kad_post_title":"","_kad_post_layout":"default","_kad_post_sidebar_id":"","_kad_post_content_style":"default","_kad_post_vertical_padding":"default","_kad_post_feature":"","_kad_post_feature_position":"","_kad_post_header":false,"_kad_post_footer":false,"_kad_post_classname":""},"product_brand":[],"product_cat":[33,29,31],"product_tag":[62,170,162,169,168,119],"class_list":{"0":"post-608","1":"product","2":"type-product","3":"status-publish","4":"has-post-thumbnail","6":"product_cat-metal-garden-storage-sheds","7":"product_cat-metal-products","8":"product_cat-storage-sheds","9":"product_tag-garden-tool-storage-shed","10":"product_tag-garden-tool-storage-with-sliding-door","11":"product_tag-metal-garden-storage-shed","12":"product_tag-metal-storage-shed","13":"product_tag-outdoor-storage-building","14":"product_tag-outdoor-storage-shed","16":"first","17":"instock","18":"shipping-taxable","19":"product-type-simple","20":"entry","21":"content-bg","22":"loop-entry"},"_links":{"self":[{"href":"https:\/\/sdmetalshed.com\/pt\/wp-json\/wp\/v2\/product\/608","targetHints":{"allow":["GET"]}}],"collection":[{"href":"https:\/\/sdmetalshed.com\/pt\/wp-json\/wp\/v2\/product"}],"about":[{"href":"https:\/\/sdmetalshed.com\/pt\/wp-json\/wp\/v2\/types\/product"}],"wp:featuredmedia":[{"embeddable":true,"href":"https:\/\/sdmetalshed.com\/pt\/wp-json\/wp\/v2\/media\/609"}],"wp:attachment":[{"href":"https:\/\/sdmetalshed.com\/pt\/wp-json\/wp\/v2\/media?parent=608"}],"wp:term":[{"taxonomy":"product_brand","embeddable":true,"href":"https:\/\/sdmetalshed.com\/pt\/wp-json\/wp\/v2\/product_brand?post=608"},{"taxonomy":"product_cat","embeddable":true,"href":"https:\/\/sdmetalshed.com\/pt\/wp-json\/wp\/v2\/product_cat?post=608"},{"taxonomy":"product_tag","embeddable":true,"href":"https:\/\/sdmetalshed.com\/pt\/wp-json\/wp\/v2\/product_tag?post=608"}],"curies":[{"name":"wp","href":"https:\/\/api.w.org\/{rel}","templated":true}]}}