{"id":616,"date":"2022-03-01T21:25:59","date_gmt":"2022-03-01T13:25:59","guid":{"rendered":"https:\/\/sdmetalshed.com\/?post_type=product&#038;p=616"},"modified":"2022-03-01T21:26:00","modified_gmt":"2022-03-01T13:26:00","slug":"custom-double-door-metal-yard-saver-white-galvanized-metal-storage-shed","status":"publish","type":"product","link":"https:\/\/sdmetalshed.com\/pt\/product\/custom-double-door-metal-yard-saver-white-galvanized-metal-storage-shed\/","title":{"rendered":"Personalizado-Dupla-Porta-Metal-Yard-Saver-Branco-Galvanizado-Cobertizo-de-Metal-para-Armazenamento-4-p\u00e9s-x-7-p\u00e9s."},"content":{"rendered":"","protected":false},"excerpt":{"rendered":"<p>Um telhado inclinado e um design inclinado permitem que voc\u00ea encoste este galp\u00e3o de armazenamento de metal contra outra estrutura para m\u00e1xima efici\u00eancia de espa\u00e7o. A entrada de porta dupla pode ser montada em qualquer extremidade para atender \u00e0s suas necessidades e o layout de 4 p\u00e9s x 7 p\u00e9s possui 154 p\u00e9s c\u00fabicos. p\u00e9s de espa\u00e7o de armazenamento para proteger bicicletas, m\u00f3veis de jardim, equipamentos para grelhar, ferramentas, suprimentos para gramado e jardim, acess\u00f3rios para piscina, latas de lixo e muito mais. Este edif\u00edcio de armazenamento sem piso \u00e9 constru\u00eddo em a\u00e7o galvanizado e tem 82 polegadas de altura em seu ponto mais alto, oferecendo bastante espa\u00e7o para manobrabilidade.<\/p>","protected":false},"featured_media":617,"template":"","meta":{"_kad_post_transparent":"default","_kad_post_title":"","_kad_post_layout":"default","_kad_post_sidebar_id":"","_kad_post_content_style":"default","_kad_post_vertical_padding":"default","_kad_post_feature":"","_kad_post_feature_position":"","_kad_post_header":false,"_kad_post_footer":false,"_kad_post_classname":""},"product_brand":[],"product_cat":[33,29,31],"product_tag":[175,172,171,174,169,173],"class_list":{"0":"post-616","1":"product","2":"type-product","3":"status-publish","4":"has-post-thumbnail","6":"product_cat-metal-garden-storage-sheds","7":"product_cat-metal-products","8":"product_cat-storage-sheds","9":"product_tag-custom-metal-storage-shed","10":"product_tag-double-door-metal-storage-shed","11":"product_tag-double-door-metal-yard-saver","12":"product_tag-galvanized-metal-storage-shed","13":"product_tag-metal-storage-shed","14":"product_tag-metal-yard-saver","16":"first","17":"instock","18":"shipping-taxable","19":"product-type-simple","20":"entry","21":"content-bg","22":"loop-entry"},"_links":{"self":[{"href":"https:\/\/sdmetalshed.com\/pt\/wp-json\/wp\/v2\/product\/616","targetHints":{"allow":["GET"]}}],"collection":[{"href":"https:\/\/sdmetalshed.com\/pt\/wp-json\/wp\/v2\/product"}],"about":[{"href":"https:\/\/sdmetalshed.com\/pt\/wp-json\/wp\/v2\/types\/product"}],"wp:featuredmedia":[{"embeddable":true,"href":"https:\/\/sdmetalshed.com\/pt\/wp-json\/wp\/v2\/media\/617"}],"wp:attachment":[{"href":"https:\/\/sdmetalshed.com\/pt\/wp-json\/wp\/v2\/media?parent=616"}],"wp:term":[{"taxonomy":"product_brand","embeddable":true,"href":"https:\/\/sdmetalshed.com\/pt\/wp-json\/wp\/v2\/product_brand?post=616"},{"taxonomy":"product_cat","embeddable":true,"href":"https:\/\/sdmetalshed.com\/pt\/wp-json\/wp\/v2\/product_cat?post=616"},{"taxonomy":"product_tag","embeddable":true,"href":"https:\/\/sdmetalshed.com\/pt\/wp-json\/wp\/v2\/product_tag?post=616"}],"curies":[{"name":"wp","href":"https:\/\/api.w.org\/{rel}","templated":true}]}}