{"id":637,"date":"2022-03-01T22:49:58","date_gmt":"2022-03-01T14:49:58","guid":{"rendered":"https:\/\/sdmetalshed.com\/?post_type=product&#038;p=637"},"modified":"2022-03-01T22:50:52","modified_gmt":"2022-03-01T14:50:52","slug":"2-em-1-uso-multiplo-metal-galvanizado-ao-ar-livre-jardim-patio-casa-de-armazenamento-atacado","status":"publish","type":"product","link":"https:\/\/sdmetalshed.com\/pt\/product\/2-in-1-multi-use-galvanized-metal-outdoor-garden-patio-storage-shed-wholesale\/","title":{"rendered":"Galp\u00e3o de armazenamento de p\u00e1tio de jardim externo de metal galvanizado multiuso 2 em 1 no atacado"},"content":{"rendered":"","protected":false},"excerpt":{"rendered":"<p>Mantenha tudo organizado em um s\u00f3 lugar com este conveniente galp\u00e3o de armazenamento multiuso 2 em 1 diretamente da f\u00e1brica na China. Nossa maravilha 2 em 1 inclui 9 p\u00e9s quadrados de armazenamento com fechadura e um dep\u00f3sito de lenha aberto com capacidade para at\u00e9 42 p\u00e9s c\u00fabicos. p\u00e9s de lenha empilhada. Forte e dur\u00e1vel, este galp\u00e3o elegante \u00e9 constru\u00eddo com a\u00e7o galvanizado com revestimento em p\u00f3, resistente \u00e0 ferrugem, corros\u00e3o e raios UV. O telhado inclinado com calhas permite o escoamento r\u00e1pido da \u00e1gua durante tempestades. O galp\u00e3o de armazenamento fechado possui uma porta \u00fanica com dobradi\u00e7as que se abre totalmente para permitir f\u00e1cil acesso e \u00e9 protegida com uma trava deslizante compat\u00edvel com cadeado (cadeado N\u00c3O inclu\u00eddo). Perfeito para temperar e guardar toda a sua lenha, o dep\u00f3sito de lenha aberto permite boa circula\u00e7\u00e3o de ar e f\u00e1cil acesso, al\u00e9m de a base met\u00e1lica elevada manter as toras afastadas do solo. Para todas as suas necessidades de armazenamento externo, conte com nossos produtos de qualidade.<\/p>","protected":false},"featured_media":638,"template":"","meta":{"_kad_post_transparent":"default","_kad_post_title":"","_kad_post_layout":"default","_kad_post_sidebar_id":"","_kad_post_content_style":"default","_kad_post_vertical_padding":"default","_kad_post_feature":"","_kad_post_feature_position":"","_kad_post_header":false,"_kad_post_footer":false,"_kad_post_classname":""},"product_brand":[],"product_cat":[33,29,31],"product_tag":[183,174,184,185,150],"class_list":{"0":"post-637","1":"product","2":"type-product","3":"status-publish","4":"has-post-thumbnail","6":"product_cat-metal-garden-storage-sheds","7":"product_cat-metal-products","8":"product_cat-storage-sheds","9":"product_tag-2-in-1-outdoor-storage-shed","10":"product_tag-galvanized-metal-storage-shed","11":"product_tag-metal-outdoor-garden-storage-shed","12":"product_tag-metal-outdoor-patio-storage-shed","13":"product_tag-multi-use-outdoor-storage-shed","15":"first","16":"instock","17":"shipping-taxable","18":"product-type-simple","19":"entry","20":"content-bg","21":"loop-entry"},"_links":{"self":[{"href":"https:\/\/sdmetalshed.com\/pt\/wp-json\/wp\/v2\/product\/637","targetHints":{"allow":["GET"]}}],"collection":[{"href":"https:\/\/sdmetalshed.com\/pt\/wp-json\/wp\/v2\/product"}],"about":[{"href":"https:\/\/sdmetalshed.com\/pt\/wp-json\/wp\/v2\/types\/product"}],"wp:featuredmedia":[{"embeddable":true,"href":"https:\/\/sdmetalshed.com\/pt\/wp-json\/wp\/v2\/media\/638"}],"wp:attachment":[{"href":"https:\/\/sdmetalshed.com\/pt\/wp-json\/wp\/v2\/media?parent=637"}],"wp:term":[{"taxonomy":"product_brand","embeddable":true,"href":"https:\/\/sdmetalshed.com\/pt\/wp-json\/wp\/v2\/product_brand?post=637"},{"taxonomy":"product_cat","embeddable":true,"href":"https:\/\/sdmetalshed.com\/pt\/wp-json\/wp\/v2\/product_cat?post=637"},{"taxonomy":"product_tag","embeddable":true,"href":"https:\/\/sdmetalshed.com\/pt\/wp-json\/wp\/v2\/product_tag?post=637"}],"curies":[{"name":"wp","href":"https:\/\/api.w.org\/{rel}","templated":true}]}}