{"id":644,"date":"2022-03-07T16:56:21","date_gmt":"2022-03-07T08:56:21","guid":{"rendered":"https:\/\/sdmetalshed.com\/?post_type=product&#038;p=644"},"modified":"2022-03-07T16:56:22","modified_gmt":"2022-03-07T08:56:22","slug":"galpao-de-metal-galvanizado-com-portas-trancaveis-armazenamento-de-ferramentas-galpao-de-jardim-para-patio-gramado-quintal-lixo-latoes","status":"publish","type":"product","link":"https:\/\/sdmetalshed.com\/pt\/product\/galvanized-metal-shed-with-lockable-doors-tool-storage-garden-shed-for-patio-lawn-backyard-trash-cans\/","title":{"rendered":"Galp\u00e3o de metal galvanizado com portas com fechadura, galp\u00e3o de jardim para armazenamento de ferramentas, para p\u00e1tio, gramado, latas de lixo de quintal"},"content":{"rendered":"","protected":false},"excerpt":{"rendered":"<p>Este galp\u00e3o de armazenamento de jardim de 5 p\u00e9s x 3 p\u00e9s \u00e9 a solu\u00e7\u00e3o de armazenamento ideal para pequenos jardins ou \u00e1reas com espa\u00e7o limitado. Tem o tamanho perfeito para guardar bicicletas, cortadores de grama, churrasqueiras e ferramentas de jardim. Tal como acontece com todos os nossos galp\u00f5es de a\u00e7o, esta unidade compacta \u00e9 constru\u00edda a partir de chapas de a\u00e7o galvanizado e caixilhos de alum\u00ednio sui generis, a\u00e7o galvanizado resistente \u00e0 ferrugem, corros\u00e3o e raios UV. O design inclinado do telhado permite o escoamento eficiente de \u00e1gua e neve para manter tudo limpo e seco durante todo o ano.<\/p>","protected":false},"featured_media":645,"template":"","meta":{"_kad_post_transparent":"default","_kad_post_title":"","_kad_post_layout":"default","_kad_post_sidebar_id":"","_kad_post_content_style":"default","_kad_post_vertical_padding":"default","_kad_post_feature":"","_kad_post_feature_position":"","_kad_post_header":false,"_kad_post_footer":false,"_kad_post_classname":""},"product_brand":[],"product_cat":[33,29,31],"product_tag":[101,186,189,188,187,190],"class_list":{"0":"post-644","1":"product","2":"type-product","3":"status-publish","4":"has-post-thumbnail","6":"product_cat-metal-garden-storage-sheds","7":"product_cat-metal-products","8":"product_cat-storage-sheds","9":"product_tag-backyard-tool-storage-shed","10":"product_tag-galvanized-metal-shed-with-lockable-doors","11":"product_tag-lawn-tool-storage-shed","12":"product_tag-patio-tool-storage-shed","13":"product_tag-tool-storage-garden-shed","14":"product_tag-trash-cans-storage-shed","16":"first","17":"instock","18":"shipping-taxable","19":"product-type-simple","20":"entry","21":"content-bg","22":"loop-entry"},"_links":{"self":[{"href":"https:\/\/sdmetalshed.com\/pt\/wp-json\/wp\/v2\/product\/644","targetHints":{"allow":["GET"]}}],"collection":[{"href":"https:\/\/sdmetalshed.com\/pt\/wp-json\/wp\/v2\/product"}],"about":[{"href":"https:\/\/sdmetalshed.com\/pt\/wp-json\/wp\/v2\/types\/product"}],"wp:featuredmedia":[{"embeddable":true,"href":"https:\/\/sdmetalshed.com\/pt\/wp-json\/wp\/v2\/media\/645"}],"wp:attachment":[{"href":"https:\/\/sdmetalshed.com\/pt\/wp-json\/wp\/v2\/media?parent=644"}],"wp:term":[{"taxonomy":"product_brand","embeddable":true,"href":"https:\/\/sdmetalshed.com\/pt\/wp-json\/wp\/v2\/product_brand?post=644"},{"taxonomy":"product_cat","embeddable":true,"href":"https:\/\/sdmetalshed.com\/pt\/wp-json\/wp\/v2\/product_cat?post=644"},{"taxonomy":"product_tag","embeddable":true,"href":"https:\/\/sdmetalshed.com\/pt\/wp-json\/wp\/v2\/product_tag?post=644"}],"curies":[{"name":"wp","href":"https:\/\/api.w.org\/{rel}","templated":true}]}}