{"id":649,"date":"2022-03-07T19:14:40","date_gmt":"2022-03-07T11:14:40","guid":{"rendered":"https:\/\/sdmetalshed.com\/?post_type=product&#038;p=649"},"modified":"2022-03-07T19:14:41","modified_gmt":"2022-03-07T11:14:41","slug":"aco-galvanizado-grande-espaco-longo-galpao-de-armazenamento-de-ferramentas-de-jardim-em-metal-de-cor-verde","status":"publish","type":"product","link":"https:\/\/sdmetalshed.com\/pt\/product\/galvanized-steel-large-space-long-metal-garden-tool-storage-shed-in-green-color\/","title":{"rendered":"Galp\u00e3o de armazenamento de ferramentas de jardim de metal longo de a\u00e7o galvanizado com grande espa\u00e7o na cor verde"},"content":{"rendered":"","protected":false},"excerpt":{"rendered":"<p>Este abrigo de jardim em a\u00e7o galvanizado ser\u00e1 perfeito para armazenar uma grande variedade de ferramentas, m\u00f3veis e equipamentos de jardim. O abrigo de jardim n\u00e3o oferece apenas prote\u00e7\u00e3o contra sujeira e poeira, mas tamb\u00e9m contra vento e intemp\u00e9ries.<br \/>\nEsta arrecada\u00e7\u00e3o possui aberturas de ventila\u00e7\u00e3o, garantindo uma excelente ventila\u00e7\u00e3o. Suas portas duplas de correr na frente permitem f\u00e1cil entrada e sa\u00edda. Gra\u00e7as \u00e0 constru\u00e7\u00e3o em a\u00e7o galvanizado, o abrigo para armazenamento de ferramentas \u00e9 dur\u00e1vel e forte, e n\u00e3o sofrer\u00e1 corros\u00e3o nem ser\u00e1 afetado por condi\u00e7\u00f5es clim\u00e1ticas adversas.<\/p>","protected":false},"featured_media":650,"template":"","meta":{"_kad_post_transparent":"default","_kad_post_title":"","_kad_post_layout":"default","_kad_post_sidebar_id":"","_kad_post_content_style":"default","_kad_post_vertical_padding":"default","_kad_post_feature":"","_kad_post_feature_position":"","_kad_post_header":false,"_kad_post_footer":false,"_kad_post_classname":""},"product_brand":[],"product_cat":[33,29,31],"product_tag":[77,62,191,162],"class_list":{"0":"post-649","1":"product","2":"type-product","3":"status-publish","4":"has-post-thumbnail","6":"product_cat-metal-garden-storage-sheds","7":"product_cat-metal-products","8":"product_cat-storage-sheds","9":"product_tag-galvanized-steel-storage-shed","10":"product_tag-garden-tool-storage-shed","11":"product_tag-large-space-storage-shed","12":"product_tag-metal-garden-storage-shed","14":"first","15":"instock","16":"shipping-taxable","17":"product-type-simple","18":"entry","19":"content-bg","20":"loop-entry"},"_links":{"self":[{"href":"https:\/\/sdmetalshed.com\/pt\/wp-json\/wp\/v2\/product\/649","targetHints":{"allow":["GET"]}}],"collection":[{"href":"https:\/\/sdmetalshed.com\/pt\/wp-json\/wp\/v2\/product"}],"about":[{"href":"https:\/\/sdmetalshed.com\/pt\/wp-json\/wp\/v2\/types\/product"}],"wp:featuredmedia":[{"embeddable":true,"href":"https:\/\/sdmetalshed.com\/pt\/wp-json\/wp\/v2\/media\/650"}],"wp:attachment":[{"href":"https:\/\/sdmetalshed.com\/pt\/wp-json\/wp\/v2\/media?parent=649"}],"wp:term":[{"taxonomy":"product_brand","embeddable":true,"href":"https:\/\/sdmetalshed.com\/pt\/wp-json\/wp\/v2\/product_brand?post=649"},{"taxonomy":"product_cat","embeddable":true,"href":"https:\/\/sdmetalshed.com\/pt\/wp-json\/wp\/v2\/product_cat?post=649"},{"taxonomy":"product_tag","embeddable":true,"href":"https:\/\/sdmetalshed.com\/pt\/wp-json\/wp\/v2\/product_tag?post=649"}],"curies":[{"name":"wp","href":"https:\/\/api.w.org\/{rel}","templated":true}]}}