{"id":655,"date":"2022-03-07T19:24:33","date_gmt":"2022-03-07T11:24:33","guid":{"rendered":"https:\/\/sdmetalshed.com\/?post_type=product&#038;p=655"},"modified":"2022-03-08T16:12:15","modified_gmt":"2022-03-08T08:12:15","slug":"verde-aco-galvanizado-exterior-jardim-armazem-casa-de-ferramentas-com-porta-de-correr","status":"publish","type":"product","link":"https:\/\/sdmetalshed.com\/pt\/product\/green-galvanized-steel-outdoor-garden-storage-shed-tool-house-with-sliding-door\/","title":{"rendered":"Casa de ferramentas para armazenamento de jardim externo de a\u00e7o galvanizado verde com porta deslizante"},"content":{"rendered":"","protected":false},"excerpt":{"rendered":"<p>Este \u00e9 o nosso abrigo de jardim exterior atraente e bem concebido, adequado para guardar brinquedos, ferramentas de jardim, decora\u00e7\u00f5es sazonais ou outros pertences sobressalentes. Equipado com duas portas de correr e quatro janelas de ventila\u00e7\u00e3o colocadas no alto, garante seguran\u00e7a e ventila\u00e7\u00e3o adequada. A montagem descomplicada e o f\u00e1cil acesso aos pertences tornam o armazenamento ao ar livre conveniente e seguro. N\u00e3o hesite em comprar um!<\/p>","protected":false},"featured_media":656,"template":"","meta":{"_kad_post_transparent":"default","_kad_post_title":"","_kad_post_layout":"default","_kad_post_sidebar_id":"","_kad_post_content_style":"default","_kad_post_vertical_padding":"default","_kad_post_feature":"","_kad_post_feature_position":"","_kad_post_header":false,"_kad_post_footer":false,"_kad_post_classname":""},"product_brand":[],"product_cat":[33,29,31],"product_tag":[195,192,193,194,105],"class_list":{"0":"post-655","1":"product","2":"type-product","3":"status-publish","4":"has-post-thumbnail","6":"product_cat-metal-garden-storage-sheds","7":"product_cat-metal-products","8":"product_cat-storage-sheds","9":"product_tag-garden-storage-shed-tool-house","10":"product_tag-green-galvanized-steel-shed","11":"product_tag-green-garden-storage-shed","12":"product_tag-green-outdoor-storage-shed","13":"product_tag-outdoor-garden-storage-shed","15":"first","16":"instock","17":"featured","18":"shipping-taxable","19":"product-type-simple","20":"entry","21":"content-bg","22":"loop-entry"},"_links":{"self":[{"href":"https:\/\/sdmetalshed.com\/pt\/wp-json\/wp\/v2\/product\/655","targetHints":{"allow":["GET"]}}],"collection":[{"href":"https:\/\/sdmetalshed.com\/pt\/wp-json\/wp\/v2\/product"}],"about":[{"href":"https:\/\/sdmetalshed.com\/pt\/wp-json\/wp\/v2\/types\/product"}],"wp:featuredmedia":[{"embeddable":true,"href":"https:\/\/sdmetalshed.com\/pt\/wp-json\/wp\/v2\/media\/656"}],"wp:attachment":[{"href":"https:\/\/sdmetalshed.com\/pt\/wp-json\/wp\/v2\/media?parent=655"}],"wp:term":[{"taxonomy":"product_brand","embeddable":true,"href":"https:\/\/sdmetalshed.com\/pt\/wp-json\/wp\/v2\/product_brand?post=655"},{"taxonomy":"product_cat","embeddable":true,"href":"https:\/\/sdmetalshed.com\/pt\/wp-json\/wp\/v2\/product_cat?post=655"},{"taxonomy":"product_tag","embeddable":true,"href":"https:\/\/sdmetalshed.com\/pt\/wp-json\/wp\/v2\/product_tag?post=655"}],"curies":[{"name":"wp","href":"https:\/\/api.w.org\/{rel}","templated":true}]}}