{"id":669,"date":"2022-03-07T19:49:52","date_gmt":"2022-03-07T11:49:52","guid":{"rendered":"https:\/\/sdmetalshed.com\/?post_type=product&#038;p=669"},"modified":"2022-03-07T19:50:14","modified_gmt":"2022-03-07T11:50:14","slug":"galpao-de-armazenamento-de-aco-azul-e-cinza-ao-ar-livre-galpao-de-armazenamento-de-aco-no-patio-fabricante-de-espaco","status":"publish","type":"product","link":"https:\/\/sdmetalshed.com\/pt\/product\/blue-and-gray-outdoor-steel-storage-shed-patio-steel-storage-shed-space-maker\/","title":{"rendered":"Galp\u00e3o de armazenamento de a\u00e7o ao ar livre azul e cinza P\u00e1tio Galp\u00e3o de armazenamento de a\u00e7o Maker"},"content":{"rendered":"","protected":false},"excerpt":{"rendered":"<p>O galp\u00e3o de armazenamento em a\u00e7o para p\u00e1tio tem o tamanho perfeito para guardar todos os itens que voc\u00ea usa em seu deck e p\u00e1tio. Guarde suas almofadas, carrinhos de servir e muito mais quando n\u00e3o estiverem em uso, mantendo-os protegidos da m\u00e3e natureza. Paredes altas e amplas aberturas de portas girat\u00f3rias permitem que voc\u00ea mova itens para dentro e para fora com facilidade. Este galp\u00e3o de a\u00e7o galvanizado \u00e9 orgulhosamente fabricado nos EUA com material de origem global. Obtenha o armazenamento que voc\u00ea precisa com este pacote acess\u00edvel, esteticamente agrad\u00e1vel e de tamanho perfeito para o p\u00e1tio ou deck do seu quintal.<\/p>","protected":false},"featured_media":665,"template":"","meta":{"_kad_post_transparent":"default","_kad_post_title":"","_kad_post_layout":"default","_kad_post_sidebar_id":"","_kad_post_content_style":"default","_kad_post_vertical_padding":"default","_kad_post_feature":"","_kad_post_feature_position":"","_kad_post_header":false,"_kad_post_footer":false,"_kad_post_classname":""},"product_brand":[],"product_cat":[33,29,31],"product_tag":[200,202,201,203],"class_list":{"0":"post-669","1":"product","2":"type-product","3":"status-publish","4":"has-post-thumbnail","6":"product_cat-metal-garden-storage-sheds","7":"product_cat-metal-products","8":"product_cat-storage-sheds","9":"product_tag-outdoor-steel-storage-shed","10":"product_tag-patio-outdoor-storage-shed","11":"product_tag-patio-steel-storage-shed","12":"product_tag-storage-shed-space-maker","14":"first","15":"instock","16":"shipping-taxable","17":"product-type-simple","18":"entry","19":"content-bg","20":"loop-entry"},"_links":{"self":[{"href":"https:\/\/sdmetalshed.com\/pt\/wp-json\/wp\/v2\/product\/669","targetHints":{"allow":["GET"]}}],"collection":[{"href":"https:\/\/sdmetalshed.com\/pt\/wp-json\/wp\/v2\/product"}],"about":[{"href":"https:\/\/sdmetalshed.com\/pt\/wp-json\/wp\/v2\/types\/product"}],"wp:featuredmedia":[{"embeddable":true,"href":"https:\/\/sdmetalshed.com\/pt\/wp-json\/wp\/v2\/media\/665"}],"wp:attachment":[{"href":"https:\/\/sdmetalshed.com\/pt\/wp-json\/wp\/v2\/media?parent=669"}],"wp:term":[{"taxonomy":"product_brand","embeddable":true,"href":"https:\/\/sdmetalshed.com\/pt\/wp-json\/wp\/v2\/product_brand?post=669"},{"taxonomy":"product_cat","embeddable":true,"href":"https:\/\/sdmetalshed.com\/pt\/wp-json\/wp\/v2\/product_cat?post=669"},{"taxonomy":"product_tag","embeddable":true,"href":"https:\/\/sdmetalshed.com\/pt\/wp-json\/wp\/v2\/product_tag?post=669"}],"curies":[{"name":"wp","href":"https:\/\/api.w.org\/{rel}","templated":true}]}}