{"id":672,"date":"2022-03-07T20:10:56","date_gmt":"2022-03-07T12:10:56","guid":{"rendered":"https:\/\/sdmetalshed.com\/?post_type=product&#038;p=672"},"modified":"2022-03-07T20:11:08","modified_gmt":"2022-03-07T12:11:08","slug":"duravel-elegante-casa-de-armazenamento-de-metal-ao-ar-livre-com-porta-trancavel-em-cor-de-ouro","status":"publish","type":"product","link":"https:\/\/sdmetalshed.com\/pt\/product\/durable-stylish-outdoor-metal-storage-shed-with-lockable-door-in-gold-color\/","title":{"rendered":"Galp\u00e3o de armazenamento de metal para exterior elegante e dur\u00e1vel com porta com fechadura na cor dourada"},"content":{"rendered":"","protected":false},"excerpt":{"rendered":"<p>Para ajud\u00e1-lo a organizar melhor suas coisas, fornecemos um galp\u00e3o de armazenamento dur\u00e1vel e elegante que pode resistir ao teste do tempo. Com nosso galp\u00e3o de ferramentas de metal, voc\u00ea descobrir\u00e1 que ele eleva seu espa\u00e7o extra ao extraordin\u00e1rio. Seja como um arm\u00e1rio para armazenamento no quintal ou apenas uma c\u00e2mara de lixo para evitar o cheiro fedorento, galp\u00f5es de metal para exteriores com estrutura interna resistente e refor\u00e7ada e estrutura interna resistente e refor\u00e7ada. o sistema de travamento de metal o torna uma considera\u00e7\u00e3o digna.<\/p>","protected":false},"featured_media":673,"template":"","meta":{"_kad_post_transparent":"default","_kad_post_title":"","_kad_post_layout":"default","_kad_post_sidebar_id":"","_kad_post_content_style":"default","_kad_post_vertical_padding":"default","_kad_post_feature":"","_kad_post_feature_position":"","_kad_post_header":false,"_kad_post_footer":false,"_kad_post_classname":""},"product_brand":[],"product_cat":[33,29,31],"product_tag":[204,206,178,104,205],"class_list":{"0":"post-672","1":"product","2":"type-product","3":"status-publish","4":"has-post-thumbnail","6":"product_cat-metal-garden-storage-sheds","7":"product_cat-metal-products","8":"product_cat-storage-sheds","9":"product_tag-durable-outdoor-metal-storage-shed","10":"product_tag-gold-outdoor-metal-storage-shed","11":"product_tag-metal-storage-shed-with-lockable-door","12":"product_tag-outdoor-metal-storage-shed","13":"product_tag-stylish-outdoor-metal-storage-shed","15":"first","16":"instock","17":"shipping-taxable","18":"product-type-simple","19":"entry","20":"content-bg","21":"loop-entry"},"_links":{"self":[{"href":"https:\/\/sdmetalshed.com\/pt\/wp-json\/wp\/v2\/product\/672","targetHints":{"allow":["GET"]}}],"collection":[{"href":"https:\/\/sdmetalshed.com\/pt\/wp-json\/wp\/v2\/product"}],"about":[{"href":"https:\/\/sdmetalshed.com\/pt\/wp-json\/wp\/v2\/types\/product"}],"wp:featuredmedia":[{"embeddable":true,"href":"https:\/\/sdmetalshed.com\/pt\/wp-json\/wp\/v2\/media\/673"}],"wp:attachment":[{"href":"https:\/\/sdmetalshed.com\/pt\/wp-json\/wp\/v2\/media?parent=672"}],"wp:term":[{"taxonomy":"product_brand","embeddable":true,"href":"https:\/\/sdmetalshed.com\/pt\/wp-json\/wp\/v2\/product_brand?post=672"},{"taxonomy":"product_cat","embeddable":true,"href":"https:\/\/sdmetalshed.com\/pt\/wp-json\/wp\/v2\/product_cat?post=672"},{"taxonomy":"product_tag","embeddable":true,"href":"https:\/\/sdmetalshed.com\/pt\/wp-json\/wp\/v2\/product_tag?post=672"}],"curies":[{"name":"wp","href":"https:\/\/api.w.org\/{rel}","templated":true}]}}