{"id":679,"date":"2022-03-07T20:21:58","date_gmt":"2022-03-07T12:21:58","guid":{"rendered":"https:\/\/sdmetalshed.com\/?post_type=product&#038;p=679"},"modified":"2022-03-07T20:21:58","modified_gmt":"2022-03-07T12:21:58","slug":"exterior-metal-lean-to-casa-de-armazenamento-de-ferramentas-com-portas-de-correr-duplas-trancaveis-2-respiros-de-ar","status":"publish","type":"product","link":"https:\/\/sdmetalshed.com\/pt\/product\/outdoor-metal-lean-to-tool-storage-shed-house-with-double-sliding-lockable-doors-2-air-vents\/","title":{"rendered":"Casa de galp\u00e3o de metal ao ar livre para armazenamento de ferramentas com portas deslizantes duplas com fechadura e porta de armazenamento de ferramentas 2 sa\u00eddas de ar"},"content":{"rendered":"","protected":false},"excerpt":{"rendered":"<p>Adicione facilmente espa\u00e7o de armazenamento e valor \u00e0 sua propriedade com um abrigo de jardim ao ar livre. O galp\u00e3o de armazenamento de ferramentas de metal tem vantagens distintas em rela\u00e7\u00e3o aos modelos tradicionais de madeira que o tornam uma op\u00e7\u00e3o de compra muito mais atraente. Se voc\u00ea est\u00e1 procurando uma maneira de adicionar o espa\u00e7o de armazenamento necess\u00e1rio \u00e0 sua propriedade, mas n\u00e3o quer lidar com o custo e a manuten\u00e7\u00e3o de um modelo tradicional de madeira, este galp\u00e3o de armazenamento de quintal Outsunny pode ser a escolha perfeita.<\/p>","protected":false},"featured_media":680,"template":"","meta":{"_kad_post_transparent":"default","_kad_post_title":"","_kad_post_layout":"default","_kad_post_sidebar_id":"","_kad_post_content_style":"default","_kad_post_vertical_padding":"default","_kad_post_feature":"","_kad_post_feature_position":"","_kad_post_header":false,"_kad_post_footer":false,"_kad_post_classname":""},"product_brand":[],"product_cat":[33,29,31],"product_tag":[210,209,208,207],"class_list":{"0":"post-679","1":"product","2":"type-product","3":"status-publish","4":"has-post-thumbnail","6":"product_cat-metal-garden-storage-sheds","7":"product_cat-metal-products","8":"product_cat-storage-sheds","9":"product_tag-garden-storage-shed-with-2-air-vents","10":"product_tag-garden-storage-shed-with-double-sliding-lockable-doors","11":"product_tag-outdoor-metal-lean-to-tool-house","12":"product_tag-steel-garden-storage-shed","14":"first","15":"instock","16":"shipping-taxable","17":"product-type-simple","18":"entry","19":"content-bg","20":"loop-entry"},"_links":{"self":[{"href":"https:\/\/sdmetalshed.com\/pt\/wp-json\/wp\/v2\/product\/679","targetHints":{"allow":["GET"]}}],"collection":[{"href":"https:\/\/sdmetalshed.com\/pt\/wp-json\/wp\/v2\/product"}],"about":[{"href":"https:\/\/sdmetalshed.com\/pt\/wp-json\/wp\/v2\/types\/product"}],"wp:featuredmedia":[{"embeddable":true,"href":"https:\/\/sdmetalshed.com\/pt\/wp-json\/wp\/v2\/media\/680"}],"wp:attachment":[{"href":"https:\/\/sdmetalshed.com\/pt\/wp-json\/wp\/v2\/media?parent=679"}],"wp:term":[{"taxonomy":"product_brand","embeddable":true,"href":"https:\/\/sdmetalshed.com\/pt\/wp-json\/wp\/v2\/product_brand?post=679"},{"taxonomy":"product_cat","embeddable":true,"href":"https:\/\/sdmetalshed.com\/pt\/wp-json\/wp\/v2\/product_cat?post=679"},{"taxonomy":"product_tag","embeddable":true,"href":"https:\/\/sdmetalshed.com\/pt\/wp-json\/wp\/v2\/product_tag?post=679"}],"curies":[{"name":"wp","href":"https:\/\/api.w.org\/{rel}","templated":true}]}}