{"id":689,"date":"2022-03-07T20:49:48","date_gmt":"2022-03-07T12:49:48","guid":{"rendered":"https:\/\/sdmetalshed.com\/?post_type=product&#038;p=689"},"modified":"2022-03-07T20:49:49","modified_gmt":"2022-03-07T12:49:49","slug":"verde-cor-horizontal-galpao-de-armazenamento-de-aco-organizador-trancavel-com-dois-respiros","status":"publish","type":"product","link":"https:\/\/sdmetalshed.com\/pt\/product\/green-color-horizontal-steel-storage-shed-lockable-organizer-with-two-air-vents\/","title":{"rendered":"Galp\u00e3o de armazenamento de a\u00e7o horizontal de cor verde Organizador com chave com duas sa\u00eddas de ar"},"content":{"rendered":"","protected":false},"excerpt":{"rendered":"<p>Acess\u00f3rios de jardim, como cortadores de grama, bicicletas e latas de lixo, sempre n\u00e3o t\u00eam onde ser colocados. Eles v\u00e3o deixar seu jardim bagun\u00e7ado. Neste momento, voc\u00ea deve estar ansioso para conseguir um lugar para esses itens. E este galp\u00e3o de armazenamento externo \u00e9 a sua melhor escolha para atender \u00e0s suas necessidades. Este organizador de ferramentas de jardim \u00e9 feito de a\u00e7o galvanizado, que \u00e9 mais dur\u00e1vel e est\u00e1vel do que os materiais comp\u00f3sitos convencionais. O a\u00e7o galvanizado \u00e9 menos sujeito \u00e0 ferrugem ou corros\u00e3o e tem longa durabilidade. O galp\u00e3o de armazenamento Pirecart Green pode funcionar perfeitamente ao ar livre em qualquer clima ou esta\u00e7\u00e3o.<\/p>","protected":false},"featured_media":690,"template":"","meta":{"_kad_post_transparent":"default","_kad_post_title":"","_kad_post_layout":"default","_kad_post_sidebar_id":"","_kad_post_content_style":"default","_kad_post_vertical_padding":"default","_kad_post_feature":"","_kad_post_feature_position":"","_kad_post_header":false,"_kad_post_footer":false,"_kad_post_classname":""},"product_brand":[],"product_cat":[33,29,31],"product_tag":[218,217,216,219],"class_list":{"0":"post-689","1":"product","2":"type-product","3":"status-publish","4":"has-post-thumbnail","6":"product_cat-metal-garden-storage-sheds","7":"product_cat-metal-products","8":"product_cat-storage-sheds","9":"product_tag-green-color-storage-shed","10":"product_tag-horizontal-steel-lockable-organizer","11":"product_tag-horizontal-steel-storage-shed","12":"product_tag-steel-storage-shed-with-two-air-vents","14":"first","15":"instock","16":"shipping-taxable","17":"product-type-simple","18":"entry","19":"content-bg","20":"loop-entry"},"_links":{"self":[{"href":"https:\/\/sdmetalshed.com\/pt\/wp-json\/wp\/v2\/product\/689","targetHints":{"allow":["GET"]}}],"collection":[{"href":"https:\/\/sdmetalshed.com\/pt\/wp-json\/wp\/v2\/product"}],"about":[{"href":"https:\/\/sdmetalshed.com\/pt\/wp-json\/wp\/v2\/types\/product"}],"wp:featuredmedia":[{"embeddable":true,"href":"https:\/\/sdmetalshed.com\/pt\/wp-json\/wp\/v2\/media\/690"}],"wp:attachment":[{"href":"https:\/\/sdmetalshed.com\/pt\/wp-json\/wp\/v2\/media?parent=689"}],"wp:term":[{"taxonomy":"product_brand","embeddable":true,"href":"https:\/\/sdmetalshed.com\/pt\/wp-json\/wp\/v2\/product_brand?post=689"},{"taxonomy":"product_cat","embeddable":true,"href":"https:\/\/sdmetalshed.com\/pt\/wp-json\/wp\/v2\/product_cat?post=689"},{"taxonomy":"product_tag","embeddable":true,"href":"https:\/\/sdmetalshed.com\/pt\/wp-json\/wp\/v2\/product_tag?post=689"}],"curies":[{"name":"wp","href":"https:\/\/api.w.org\/{rel}","templated":true}]}}