{"id":695,"date":"2022-03-07T22:48:12","date_gmt":"2022-03-07T14:48:12","guid":{"rendered":"https:\/\/sdmetalshed.com\/?post_type=product&#038;p=695"},"modified":"2022-03-08T16:12:35","modified_gmt":"2022-03-08T08:12:35","slug":"patio-grama-jardim-jardim-galpao-de-armazenamento-de-aco-com-porta-trancavel-e-respiros","status":"publish","type":"product","link":"https:\/\/sdmetalshed.com\/pt\/product\/patio-lawn-backyard-garden-steel-storage-shed-with-lockable-door-and-air-vents\/","title":{"rendered":"Galp\u00e3o de armazenamento de a\u00e7o para jardim, gramado, quintal, com porta com fechadura e sa\u00eddas de ar"},"content":{"rendered":"","protected":false},"excerpt":{"rendered":"<p>O abrigo de armazenamento de jardim \u00e9 feito de a\u00e7o galvanizado, que \u00e9 mais dur\u00e1vel e est\u00e1vel do que os materiais comp\u00f3sitos convencionais. O a\u00e7o galvanizado \u00e9 menos sujeito \u00e0 ferrugem ou corros\u00e3o e \u00e9 duradouro. Este galp\u00e3o de armazenamento pode funcionar perfeitamente ao ar livre em qualquer clima ou esta\u00e7\u00e3o. Este galp\u00e3o de armazenamento externo permite que voc\u00ea satisfa\u00e7a suas m\u00faltiplas finalidades, como armazenamento de ferramentas, dep\u00f3sito de lixo, casa para animais de estima\u00e7\u00e3o e tamb\u00e9m lounge ao ar livre. Este galp\u00e3o externo \u00e9 f\u00e1cil de montar e voc\u00ea pode instal\u00e1-lo no seu jardim, quintal e tamb\u00e9m em alguns parques para guardar seus pertences extras.<\/p>","protected":false},"featured_media":697,"template":"","meta":{"_kad_post_transparent":"default","_kad_post_title":"","_kad_post_layout":"default","_kad_post_sidebar_id":"","_kad_post_content_style":"default","_kad_post_vertical_padding":"default","_kad_post_feature":"","_kad_post_feature_position":"","_kad_post_header":false,"_kad_post_footer":false,"_kad_post_classname":""},"product_brand":[],"product_cat":[33,29,31],"product_tag":[221,222,220,201,224,223],"class_list":{"0":"post-695","1":"product","2":"type-product","3":"status-publish","4":"has-post-thumbnail","6":"product_cat-metal-garden-storage-sheds","7":"product_cat-metal-products","8":"product_cat-storage-sheds","9":"product_tag-backyard-steel-storage-shed","10":"product_tag-garden-steel-storage-shed","11":"product_tag-lawn-steel-storage-shed","12":"product_tag-patio-steel-storage-shed","13":"product_tag-steel-storage-shed-with-air-vents","14":"product_tag-steel-storage-shed-with-lockable-door","16":"first","17":"instock","18":"featured","19":"shipping-taxable","20":"product-type-simple","21":"entry","22":"content-bg","23":"loop-entry"},"_links":{"self":[{"href":"https:\/\/sdmetalshed.com\/pt\/wp-json\/wp\/v2\/product\/695","targetHints":{"allow":["GET"]}}],"collection":[{"href":"https:\/\/sdmetalshed.com\/pt\/wp-json\/wp\/v2\/product"}],"about":[{"href":"https:\/\/sdmetalshed.com\/pt\/wp-json\/wp\/v2\/types\/product"}],"wp:featuredmedia":[{"embeddable":true,"href":"https:\/\/sdmetalshed.com\/pt\/wp-json\/wp\/v2\/media\/697"}],"wp:attachment":[{"href":"https:\/\/sdmetalshed.com\/pt\/wp-json\/wp\/v2\/media?parent=695"}],"wp:term":[{"taxonomy":"product_brand","embeddable":true,"href":"https:\/\/sdmetalshed.com\/pt\/wp-json\/wp\/v2\/product_brand?post=695"},{"taxonomy":"product_cat","embeddable":true,"href":"https:\/\/sdmetalshed.com\/pt\/wp-json\/wp\/v2\/product_cat?post=695"},{"taxonomy":"product_tag","embeddable":true,"href":"https:\/\/sdmetalshed.com\/pt\/wp-json\/wp\/v2\/product_tag?post=695"}],"curies":[{"name":"wp","href":"https:\/\/api.w.org\/{rel}","templated":true}]}}