{"id":712,"date":"2022-03-07T23:12:36","date_gmt":"2022-03-07T15:12:36","guid":{"rendered":"https:\/\/sdmetalshed.com\/?post_type=product&#038;p=712"},"modified":"2022-03-07T23:12:36","modified_gmt":"2022-03-07T15:12:36","slug":"galpao-de-armazenamento-externo-com-portas-de-aco-reforcado-travaveis-e-sistema-de-armazenamento-personalizavel","status":"publish","type":"product","link":"https:\/\/sdmetalshed.com\/pt\/product\/outdoor-storage-shed-with-customizable-lockable-steel-reinforced-doors-and-storage-system\/","title":{"rendered":"Galp\u00e3o de armazenamento externo com portas refor\u00e7adas com a\u00e7o personaliz\u00e1veis \u200b\u200be sistema de armazenamento"},"content":{"rendered":"","protected":false},"excerpt":{"rendered":"<p>O edif\u00edcio de jardim de 15 p\u00e9s x 8 p\u00e9s (entrada lateral) possui: 6 pequenas clarab\u00f3ias, 2 janelas de policarbonato \u00e0 prova de estilha\u00e7os, 2 aberturas de ventila\u00e7\u00e3o, 2 venezianas decorativas, 2 tiras de fixa\u00e7\u00e3o, prateleiras de 2 a 90 pol. prateleiras de canto e garantia limitada de 10 anos. Hardware de piso e instala\u00e7\u00e3o inclu\u00eddos. Vem em 3 caixas.<\/p>","protected":false},"featured_media":713,"template":"","meta":{"_kad_post_transparent":"default","_kad_post_title":"","_kad_post_layout":"default","_kad_post_sidebar_id":"","_kad_post_content_style":"default","_kad_post_vertical_padding":"default","_kad_post_feature":"","_kad_post_feature_position":"","_kad_post_header":false,"_kad_post_footer":false,"_kad_post_classname":""},"product_brand":[],"product_cat":[33,29,31],"product_tag":[119,228,227],"class_list":{"0":"post-712","1":"product","2":"type-product","3":"status-publish","4":"has-post-thumbnail","6":"product_cat-metal-garden-storage-sheds","7":"product_cat-metal-products","8":"product_cat-storage-sheds","9":"product_tag-outdoor-storage-shed","10":"product_tag-outdoor-storage-shed-customizable-with-storage-system","11":"product_tag-outdoor-storage-shed-with-lockable-steel-reinforced-doors","13":"first","14":"instock","15":"shipping-taxable","16":"product-type-simple","17":"entry","18":"content-bg","19":"loop-entry"},"_links":{"self":[{"href":"https:\/\/sdmetalshed.com\/pt\/wp-json\/wp\/v2\/product\/712","targetHints":{"allow":["GET"]}}],"collection":[{"href":"https:\/\/sdmetalshed.com\/pt\/wp-json\/wp\/v2\/product"}],"about":[{"href":"https:\/\/sdmetalshed.com\/pt\/wp-json\/wp\/v2\/types\/product"}],"wp:featuredmedia":[{"embeddable":true,"href":"https:\/\/sdmetalshed.com\/pt\/wp-json\/wp\/v2\/media\/713"}],"wp:attachment":[{"href":"https:\/\/sdmetalshed.com\/pt\/wp-json\/wp\/v2\/media?parent=712"}],"wp:term":[{"taxonomy":"product_brand","embeddable":true,"href":"https:\/\/sdmetalshed.com\/pt\/wp-json\/wp\/v2\/product_brand?post=712"},{"taxonomy":"product_cat","embeddable":true,"href":"https:\/\/sdmetalshed.com\/pt\/wp-json\/wp\/v2\/product_cat?post=712"},{"taxonomy":"product_tag","embeddable":true,"href":"https:\/\/sdmetalshed.com\/pt\/wp-json\/wp\/v2\/product_tag?post=712"}],"curies":[{"name":"wp","href":"https:\/\/api.w.org\/{rel}","templated":true}]}}