{"id":719,"date":"2022-03-07T23:22:43","date_gmt":"2022-03-07T15:22:43","guid":{"rendered":"https:\/\/sdmetalshed.com\/?post_type=product&#038;p=719"},"modified":"2022-03-07T23:22:43","modified_gmt":"2022-03-07T15:22:43","slug":"galpao-de-armazenamento-para-jardim-casa-de-ferramentas-porta-de-correr-em-aco-galvanizado-verde","status":"publish","type":"product","link":"https:\/\/sdmetalshed.com\/pt\/product\/outdoor-garden-storage-shed-tool-house-sliding-door-galvanized-steel-green\/","title":{"rendered":"Galp\u00e3o de armazenamento para jardim externo, casa de ferramentas, porta deslizante, a\u00e7o galvanizado, verde"},"content":{"rendered":"","protected":false},"excerpt":{"rendered":"<p>Este \u00e9 o nosso abrigo de jardim exterior atraente e bem concebido, adequado para guardar brinquedos, ferramentas de jardim, decora\u00e7\u00f5es sazonais ou outros pertences sobressalentes. Equipado com duas portas de correr e quatro janelas de ventila\u00e7\u00e3o colocadas no alto, garante seguran\u00e7a e ventila\u00e7\u00e3o adequada. A montagem descomplicada e o f\u00e1cil acesso aos pertences tornam o armazenamento ao ar livre conveniente e seguro. N\u00e3o hesite em comprar um!<\/p>","protected":false},"featured_media":720,"template":"","meta":{"_kad_post_transparent":"default","_kad_post_title":"","_kad_post_layout":"default","_kad_post_sidebar_id":"","_kad_post_content_style":"default","_kad_post_vertical_padding":"default","_kad_post_feature":"","_kad_post_feature_position":"","_kad_post_header":false,"_kad_post_footer":false,"_kad_post_classname":""},"product_brand":[],"product_cat":[33,29,31],"product_tag":[230,105,229],"class_list":{"0":"post-719","1":"product","2":"type-product","3":"status-publish","4":"has-post-thumbnail","6":"product_cat-metal-garden-storage-sheds","7":"product_cat-metal-products","8":"product_cat-storage-sheds","9":"product_tag-outdoor-garden-storage-house","10":"product_tag-outdoor-garden-storage-shed","11":"product_tag-outdoor-garden-storage-tool-house","13":"first","14":"instock","15":"shipping-taxable","16":"product-type-simple","17":"entry","18":"content-bg","19":"loop-entry"},"_links":{"self":[{"href":"https:\/\/sdmetalshed.com\/pt\/wp-json\/wp\/v2\/product\/719","targetHints":{"allow":["GET"]}}],"collection":[{"href":"https:\/\/sdmetalshed.com\/pt\/wp-json\/wp\/v2\/product"}],"about":[{"href":"https:\/\/sdmetalshed.com\/pt\/wp-json\/wp\/v2\/types\/product"}],"wp:featuredmedia":[{"embeddable":true,"href":"https:\/\/sdmetalshed.com\/pt\/wp-json\/wp\/v2\/media\/720"}],"wp:attachment":[{"href":"https:\/\/sdmetalshed.com\/pt\/wp-json\/wp\/v2\/media?parent=719"}],"wp:term":[{"taxonomy":"product_brand","embeddable":true,"href":"https:\/\/sdmetalshed.com\/pt\/wp-json\/wp\/v2\/product_brand?post=719"},{"taxonomy":"product_cat","embeddable":true,"href":"https:\/\/sdmetalshed.com\/pt\/wp-json\/wp\/v2\/product_cat?post=719"},{"taxonomy":"product_tag","embeddable":true,"href":"https:\/\/sdmetalshed.com\/pt\/wp-json\/wp\/v2\/product_tag?post=719"}],"curies":[{"name":"wp","href":"https:\/\/api.w.org\/{rel}","templated":true}]}}