{"id":723,"date":"2022-03-08T10:27:23","date_gmt":"2022-03-08T02:27:23","guid":{"rendered":"https:\/\/sdmetalshed.com\/?post_type=product&#038;p=723"},"modified":"2022-03-08T10:27:23","modified_gmt":"2022-03-08T02:27:23","slug":"galpao-de-armazenamento-para-jardim-em-aco-galvanizado-casa-de-ferramentas-para-patio-em-cor-antracite","status":"publish","type":"product","link":"https:\/\/sdmetalshed.com\/pt\/product\/galvanized-steel-garden-storage-shed-patio-tool-storage-house-in-anthracite-color\/","title":{"rendered":"Casa de armazenamento de ferramentas para p\u00e1tio em a\u00e7o galvanizado para jardim na cor antracite"},"content":{"rendered":"","protected":false},"excerpt":{"rendered":"<p>Este abrigo de jardim \u00e9 ideal para armazenar uma grande variedade de itens como ferramentas, m\u00f3veis de jardim, equipamentos de jardim, etc. O abrigo oferece prote\u00e7\u00e3o contra sujeira, poeira, vento forte e condi\u00e7\u00f5es clim\u00e1ticas adversas. Este armaz\u00e9m est\u00e1 equipado com respiradouros, proporcionando ventila\u00e7\u00e3o para reduzir a acumula\u00e7\u00e3o de humidade e odores na casa. Com prateleiras, oferece amplo espa\u00e7o de armazenamento para manter seus itens essenciais organizados. Al\u00e9m disso, feito de a\u00e7o galvanizado, este galp\u00e3o de armazenamento externo requer manuten\u00e7\u00e3o m\u00ednima e \u00e9 muito dur\u00e1vel. As portas de abertura dupla na frente permitem f\u00e1cil entrada e sa\u00edda. A \u00e1gua da chuva escoa automaticamente do telhado com seu design inclinado.<\/p>","protected":false},"featured_media":724,"template":"","meta":{"_kad_post_transparent":"default","_kad_post_title":"","_kad_post_layout":"default","_kad_post_sidebar_id":"","_kad_post_content_style":"default","_kad_post_vertical_padding":"default","_kad_post_feature":"","_kad_post_feature_position":"","_kad_post_header":false,"_kad_post_footer":false,"_kad_post_classname":""},"product_brand":[],"product_cat":[33,29,31],"product_tag":[231,232],"class_list":{"0":"post-723","1":"product","2":"type-product","3":"status-publish","4":"has-post-thumbnail","6":"product_cat-metal-garden-storage-sheds","7":"product_cat-metal-products","8":"product_cat-storage-sheds","9":"product_tag-galvanized-steel-garden-storage-shed","10":"product_tag-patio-tool-storage-house","12":"first","13":"instock","14":"shipping-taxable","15":"product-type-simple","16":"entry","17":"content-bg","18":"loop-entry"},"_links":{"self":[{"href":"https:\/\/sdmetalshed.com\/pt\/wp-json\/wp\/v2\/product\/723","targetHints":{"allow":["GET"]}}],"collection":[{"href":"https:\/\/sdmetalshed.com\/pt\/wp-json\/wp\/v2\/product"}],"about":[{"href":"https:\/\/sdmetalshed.com\/pt\/wp-json\/wp\/v2\/types\/product"}],"wp:featuredmedia":[{"embeddable":true,"href":"https:\/\/sdmetalshed.com\/pt\/wp-json\/wp\/v2\/media\/724"}],"wp:attachment":[{"href":"https:\/\/sdmetalshed.com\/pt\/wp-json\/wp\/v2\/media?parent=723"}],"wp:term":[{"taxonomy":"product_brand","embeddable":true,"href":"https:\/\/sdmetalshed.com\/pt\/wp-json\/wp\/v2\/product_brand?post=723"},{"taxonomy":"product_cat","embeddable":true,"href":"https:\/\/sdmetalshed.com\/pt\/wp-json\/wp\/v2\/product_cat?post=723"},{"taxonomy":"product_tag","embeddable":true,"href":"https:\/\/sdmetalshed.com\/pt\/wp-json\/wp\/v2\/product_tag?post=723"}],"curies":[{"name":"wp","href":"https:\/\/api.w.org\/{rel}","templated":true}]}}