{"id":738,"date":"2022-03-08T11:06:31","date_gmt":"2022-03-08T03:06:31","guid":{"rendered":"https:\/\/sdmetalshed.com\/?post_type=product&#038;p=738"},"modified":"2022-03-08T16:09:17","modified_gmt":"2022-03-08T08:09:17","slug":"area-externa-dupla-de-aluminio-bbq-toldo-gazebo-com-2-prateleiras-separadas-para-servir","status":"publish","type":"product","link":"https:\/\/sdmetalshed.com\/pt\/product\/outdoor-patio-double-tier-aluminium-bbq-canopy-gazebo-with-2-separate-shelves-for-serving\/","title":{"rendered":"Gazebo de alum\u00ednio para churrasco de camada dupla para p\u00e1tio externo com 2 prateleiras separadas para servir"},"content":{"rendered":"","protected":false},"excerpt":{"rendered":"<p>Cansado de ser grelhado enquanto faz churrasco? Este gazebo para churrasco com capota r\u00edgida ir\u00e1 mant\u00ea-lo fresco enquanto voc\u00ea grelha. O telhado de policarbonato da nossa tenda gazebo para churrasco \u00e9 resistente aos raios UV e \u00e0 chuva para que voc\u00ea possa fazer churrasco quando quiser. Al\u00e9m disso, inclu\u00edmos prateleiras laterais e ganchos na cobertura do p\u00e1tio, para que seja f\u00e1cil armazenar pratos e ferramentas em um s\u00f3 lugar. Al\u00e9m disso, com um design de telhado de 2 n\u00edveis, toda a barraca para churrasco \u00e9 bem ventilada. Divirta-se e cozinhe uma comida deliciosa em paz com a cobertura do nosso p\u00e1tio para churrasco.<\/p>","protected":false},"featured_media":739,"template":"","meta":{"_kad_post_transparent":"default","_kad_post_title":"","_kad_post_layout":"default","_kad_post_sidebar_id":"","_kad_post_content_style":"default","_kad_post_vertical_padding":"default","_kad_post_feature":"","_kad_post_feature_position":"","_kad_post_header":false,"_kad_post_footer":false,"_kad_post_classname":""},"product_brand":[],"product_cat":[30,29],"product_tag":[238,243,244,239,240,241,242],"class_list":{"0":"post-738","1":"product","2":"type-product","3":"status-publish","4":"has-post-thumbnail","6":"product_cat-aluminum-gazebo","7":"product_cat-metal-products","8":"product_tag-aluminium-bbq-canopy","9":"product_tag-double-tier-bbq-canopy","10":"product_tag-double-tier-bbq-gazebo","11":"product_tag-outdoor-bbq-canopy","12":"product_tag-outdoor-bbq-gazebo","13":"product_tag-patio-bbq-canopy","14":"product_tag-patio-bbq-gazebo","16":"first","17":"instock","18":"featured","19":"shipping-taxable","20":"product-type-simple","21":"entry","22":"content-bg","23":"loop-entry"},"_links":{"self":[{"href":"https:\/\/sdmetalshed.com\/pt\/wp-json\/wp\/v2\/product\/738","targetHints":{"allow":["GET"]}}],"collection":[{"href":"https:\/\/sdmetalshed.com\/pt\/wp-json\/wp\/v2\/product"}],"about":[{"href":"https:\/\/sdmetalshed.com\/pt\/wp-json\/wp\/v2\/types\/product"}],"wp:featuredmedia":[{"embeddable":true,"href":"https:\/\/sdmetalshed.com\/pt\/wp-json\/wp\/v2\/media\/739"}],"wp:attachment":[{"href":"https:\/\/sdmetalshed.com\/pt\/wp-json\/wp\/v2\/media?parent=738"}],"wp:term":[{"taxonomy":"product_brand","embeddable":true,"href":"https:\/\/sdmetalshed.com\/pt\/wp-json\/wp\/v2\/product_brand?post=738"},{"taxonomy":"product_cat","embeddable":true,"href":"https:\/\/sdmetalshed.com\/pt\/wp-json\/wp\/v2\/product_cat?post=738"},{"taxonomy":"product_tag","embeddable":true,"href":"https:\/\/sdmetalshed.com\/pt\/wp-json\/wp\/v2\/product_tag?post=738"}],"curies":[{"name":"wp","href":"https:\/\/api.w.org\/{rel}","templated":true}]}}