{"id":745,"date":"2022-03-08T11:47:07","date_gmt":"2022-03-08T03:47:07","guid":{"rendered":"https:\/\/sdmetalshed.com\/?post_type=product&#038;p=745"},"modified":"2022-03-08T16:09:10","modified_gmt":"2022-03-08T08:09:10","slug":"fabrica-chinesa-hardtop-aluminio-aco-festa-jardim-santorini-exterior-jardim-gazebo","status":"publish","type":"product","link":"https:\/\/sdmetalshed.com\/pt\/product\/china-factory-hardtop-aluminum-steel-party-garden-santorini-outdoor-garden-gazebo\/","title":{"rendered":"China Factory Hardtop Alum\u00ednio A\u00e7o Festa Jardim Santorini Jardim Exterior Gazebo"},"content":{"rendered":"","protected":false},"excerpt":{"rendered":"<p>Decore o seu espa\u00e7o exterior com este lindo gazebo. As curvas e o acabamento elegante deste abrigo combinam perfeitamente com a sua decora\u00e7\u00e3o, ao mesmo tempo que o convidam a relaxar com amigos ou fam\u00edlia. Atrav\u00e9s da rede mosquiteira de malha de PVC, do telhado de a\u00e7o galvanizado dur\u00e1vel e da estrutura de alum\u00ednio com revestimento em p\u00f3 de alta qualidade, voc\u00ea poder\u00e1 desfrutar do ar livre.<\/p>","protected":false},"featured_media":746,"template":"","meta":{"_kad_post_transparent":"default","_kad_post_title":"","_kad_post_layout":"default","_kad_post_sidebar_id":"","_kad_post_content_style":"default","_kad_post_vertical_padding":"default","_kad_post_feature":"","_kad_post_feature_position":"","_kad_post_header":false,"_kad_post_footer":false,"_kad_post_classname":""},"product_brand":[],"product_cat":[30,29],"product_tag":[247,246,248,245],"class_list":{"0":"post-745","1":"product","2":"type-product","3":"status-publish","4":"has-post-thumbnail","6":"product_cat-aluminum-gazebo","7":"product_cat-metal-products","8":"product_tag-aluminum-garden-outdoor-gazebo","9":"product_tag-hardtop-garden-outdoor-gazebo","10":"product_tag-party-outdoor-garden-gazebo","11":"product_tag-santorini-outdoor-garden-gazebo","13":"first","14":"instock","15":"featured","16":"shipping-taxable","17":"product-type-simple","18":"entry","19":"content-bg","20":"loop-entry"},"_links":{"self":[{"href":"https:\/\/sdmetalshed.com\/pt\/wp-json\/wp\/v2\/product\/745","targetHints":{"allow":["GET"]}}],"collection":[{"href":"https:\/\/sdmetalshed.com\/pt\/wp-json\/wp\/v2\/product"}],"about":[{"href":"https:\/\/sdmetalshed.com\/pt\/wp-json\/wp\/v2\/types\/product"}],"wp:featuredmedia":[{"embeddable":true,"href":"https:\/\/sdmetalshed.com\/pt\/wp-json\/wp\/v2\/media\/746"}],"wp:attachment":[{"href":"https:\/\/sdmetalshed.com\/pt\/wp-json\/wp\/v2\/media?parent=745"}],"wp:term":[{"taxonomy":"product_brand","embeddable":true,"href":"https:\/\/sdmetalshed.com\/pt\/wp-json\/wp\/v2\/product_brand?post=745"},{"taxonomy":"product_cat","embeddable":true,"href":"https:\/\/sdmetalshed.com\/pt\/wp-json\/wp\/v2\/product_cat?post=745"},{"taxonomy":"product_tag","embeddable":true,"href":"https:\/\/sdmetalshed.com\/pt\/wp-json\/wp\/v2\/product_tag?post=745"}],"curies":[{"name":"wp","href":"https:\/\/api.w.org\/{rel}","templated":true}]}}