{"id":759,"date":"2022-03-08T14:12:33","date_gmt":"2022-03-08T06:12:33","guid":{"rendered":"https:\/\/sdmetalshed.com\/?post_type=product&#038;p=759"},"modified":"2022-03-08T16:08:55","modified_gmt":"2022-03-08T08:08:55","slug":"honolulu-havai-exterior-patio-hardtop-aluminio-gazebo-pergola-com-mosquiteiro-e-cortinas","status":"publish","type":"product","link":"https:\/\/sdmetalshed.com\/pt\/product\/honolulu-hawaii-outdoor-patio-hardtop-aluminum-gazebo-pergola-with-netting-and-curtains\/","title":{"rendered":"Pergola de alum\u00ednio com cobertura r\u00edgida para p\u00e1tio externo Honolulu Hava\u00ed com rede e cortinas"},"content":{"rendered":"","protected":false},"excerpt":{"rendered":"<p>Feito de uma estrutura de alum\u00ednio resistente com revestimento el\u00e9trico, este gazebo apresenta uma estrutura est\u00e1vel para uso durante todo o ano. Os quatro lados da cortina mant\u00eam voc\u00ea e sua fam\u00edlia e amigos longe da luz solar direta, chuva, moscas ou mosquitos, perfeitos para eventos ao ar livre, como churrascos, piqueniques de P\u00e1scoa, festas no jardim ou como abrigos de praia, etc.<\/p>","protected":false},"featured_media":760,"template":"","meta":{"_kad_post_transparent":"default","_kad_post_title":"","_kad_post_layout":"default","_kad_post_sidebar_id":"","_kad_post_content_style":"default","_kad_post_vertical_padding":"default","_kad_post_feature":"","_kad_post_feature_position":"","_kad_post_header":false,"_kad_post_footer":false,"_kad_post_classname":""},"product_brand":[],"product_cat":[30,29],"product_tag":[250,251,253,252,254,255],"class_list":{"0":"post-759","1":"product","2":"type-product","3":"status-publish","4":"has-post-thumbnail","6":"product_cat-aluminum-gazebo","7":"product_cat-metal-products","8":"product_tag-hawaii-hardtop-aluminum-gazebo","9":"product_tag-hawaii-hardtop-aluminum-pergola","10":"product_tag-outdoor-aluminum-pergola","11":"product_tag-outdoor-patio-aluminum-gazebo","12":"product_tag-patio-hardtop-aluminum-gazebo","13":"product_tag-patio-hardtop-aluminum-pergola","15":"first","16":"instock","17":"featured","18":"shipping-taxable","19":"product-type-simple","20":"entry","21":"content-bg","22":"loop-entry"},"_links":{"self":[{"href":"https:\/\/sdmetalshed.com\/pt\/wp-json\/wp\/v2\/product\/759","targetHints":{"allow":["GET"]}}],"collection":[{"href":"https:\/\/sdmetalshed.com\/pt\/wp-json\/wp\/v2\/product"}],"about":[{"href":"https:\/\/sdmetalshed.com\/pt\/wp-json\/wp\/v2\/types\/product"}],"wp:featuredmedia":[{"embeddable":true,"href":"https:\/\/sdmetalshed.com\/pt\/wp-json\/wp\/v2\/media\/760"}],"wp:attachment":[{"href":"https:\/\/sdmetalshed.com\/pt\/wp-json\/wp\/v2\/media?parent=759"}],"wp:term":[{"taxonomy":"product_brand","embeddable":true,"href":"https:\/\/sdmetalshed.com\/pt\/wp-json\/wp\/v2\/product_brand?post=759"},{"taxonomy":"product_cat","embeddable":true,"href":"https:\/\/sdmetalshed.com\/pt\/wp-json\/wp\/v2\/product_cat?post=759"},{"taxonomy":"product_tag","embeddable":true,"href":"https:\/\/sdmetalshed.com\/pt\/wp-json\/wp\/v2\/product_tag?post=759"}],"curies":[{"name":"wp","href":"https:\/\/api.w.org\/{rel}","templated":true}]}}