{"id":766,"date":"2022-03-08T14:45:12","date_gmt":"2022-03-08T06:45:12","guid":{"rendered":"https:\/\/sdmetalshed.com\/?post_type=product&#038;p=766"},"modified":"2022-03-08T16:08:48","modified_gmt":"2022-03-08T08:08:48","slug":"pergolado-de-aluminio-com-duplo-teto-duro-gazebo-com-toldo-mosquiteiro-e-cortinas","status":"publish","type":"product","link":"https:\/\/sdmetalshed.com\/pt\/product\/outdoor-double-roof-hardtop-gazebo-canopy-aluminum-pergolas-with-netting-and-curtains\/","title":{"rendered":"P\u00e9rgulas de alum\u00ednio com dossel de gazebo com cobertura dupla externa e cobertura dupla com rede e cortinas"},"content":{"rendered":"","protected":false},"excerpt":{"rendered":"<p>Quando se trata de manter os assentos frescos ou a mesa ao ar livre protegida da chuva, nenhuma pe\u00e7a faz o mesmo trabalho que um gazebo como este. Fabricada com uma estrutura de alum\u00ednio com revestimento em p\u00f3 e coberta por um teto de pl\u00e1stico, esta pe\u00e7a \u00e9 perfeita para resistir \u00e0 chuva, ao clima e \u00e0 luz ultravioleta. E com a rede de malha inclu\u00edda, voc\u00ea pode facilmente manter insetos e pragas afastados enquanto aproveita o ar livre. Este gazebo foi projetado para uso durante todo o ano e deve ser ancorado em uma funda\u00e7\u00e3o, deck ou p\u00e1tio para uso.<\/p>","protected":false},"featured_media":767,"template":"","meta":{"_kad_post_transparent":"default","_kad_post_title":"","_kad_post_layout":"default","_kad_post_sidebar_id":"","_kad_post_content_style":"default","_kad_post_vertical_padding":"default","_kad_post_feature":"","_kad_post_feature_position":"","_kad_post_header":false,"_kad_post_footer":false,"_kad_post_classname":""},"product_brand":[],"product_cat":[30,29],"product_tag":[259,52,257,256,258,233],"class_list":{"0":"post-766","1":"product","2":"type-product","3":"status-publish","4":"has-post-thumbnail","6":"product_cat-aluminum-gazebo","7":"product_cat-metal-products","8":"product_tag-aluminum-double-roof-hardtop-gazebo","9":"product_tag-double-roof-hardtop-gazebo","10":"product_tag-outdoor-double-roof-hardtop-canopy","11":"product_tag-outdoor-double-roof-hardtop-gazebo","12":"product_tag-outdoor-double-roof-hardtop-pergolas","13":"product_tag-outdoor-hardtop-gazebo","15":"first","16":"instock","17":"featured","18":"shipping-taxable","19":"product-type-simple","20":"entry","21":"content-bg","22":"loop-entry"},"_links":{"self":[{"href":"https:\/\/sdmetalshed.com\/pt\/wp-json\/wp\/v2\/product\/766","targetHints":{"allow":["GET"]}}],"collection":[{"href":"https:\/\/sdmetalshed.com\/pt\/wp-json\/wp\/v2\/product"}],"about":[{"href":"https:\/\/sdmetalshed.com\/pt\/wp-json\/wp\/v2\/types\/product"}],"wp:featuredmedia":[{"embeddable":true,"href":"https:\/\/sdmetalshed.com\/pt\/wp-json\/wp\/v2\/media\/767"}],"wp:attachment":[{"href":"https:\/\/sdmetalshed.com\/pt\/wp-json\/wp\/v2\/media?parent=766"}],"wp:term":[{"taxonomy":"product_brand","embeddable":true,"href":"https:\/\/sdmetalshed.com\/pt\/wp-json\/wp\/v2\/product_brand?post=766"},{"taxonomy":"product_cat","embeddable":true,"href":"https:\/\/sdmetalshed.com\/pt\/wp-json\/wp\/v2\/product_cat?post=766"},{"taxonomy":"product_tag","embeddable":true,"href":"https:\/\/sdmetalshed.com\/pt\/wp-json\/wp\/v2\/product_tag?post=766"}],"curies":[{"name":"wp","href":"https:\/\/api.w.org\/{rel}","templated":true}]}}