{"id":773,"date":"2022-03-08T15:15:19","date_gmt":"2022-03-08T07:15:19","guid":{"rendered":"https:\/\/sdmetalshed.com\/?post_type=product&#038;p=773"},"modified":"2022-03-08T16:10:54","modified_gmt":"2022-03-08T08:10:54","slug":"galpao-de-armazenamento-horizontal-de-68-pes-cubicos-galpao-de-armazenamento-de-lixo-para-recipientes-de-lixo","status":"publish","type":"product","link":"https:\/\/sdmetalshed.com\/pt\/product\/horizontal-storage-shed-68-cubic-feet-trash-bin-storage-shed-for-garbage-cans\/","title":{"rendered":"Galp\u00e3o de armazenamento horizontal com 68 p\u00e9s c\u00fabicos, galp\u00e3o de armazenamento para latas de lixo"},"content":{"rendered":"","protected":false},"excerpt":{"rendered":"<p>Este galp\u00e3o de armazenamento acess\u00edvel oferece um \u00f3timo lugar para suas latas de lixo, artesanato de jardim, suprimentos para piscina e outros itens. Ele pode ser colocado em qualquer lugar do quintal ou deck onde seja necess\u00e1rio armazenamento. Feito de CGCC e SGCC espessos, este galp\u00e3o de armazenamento \u00e9 resistente \u00e0s intemp\u00e9ries e \u00e0 prova d&#039;\u00e1gua. Al\u00e9m da constru\u00e7\u00e3o s\u00f3lida com quatro \u00e2ncoras de solo garante sua durabilidade e solidez o suficiente para uso externo.<\/p>","protected":false},"featured_media":774,"template":"","meta":{"_kad_post_transparent":"default","_kad_post_title":"","_kad_post_layout":"default","_kad_post_sidebar_id":"","_kad_post_content_style":"default","_kad_post_vertical_padding":"default","_kad_post_feature":"","_kad_post_feature_position":"","_kad_post_header":false,"_kad_post_footer":false,"_kad_post_classname":""},"product_brand":[],"product_cat":[29,31,34],"product_tag":[262,140,261,260],"class_list":{"0":"post-773","1":"product","2":"type-product","3":"status-publish","4":"has-post-thumbnail","6":"product_cat-metal-products","7":"product_cat-storage-sheds","8":"product_cat-trash-bin-storage-sheds","9":"product_tag-garbage-cans-storage-shed","10":"product_tag-horizontal-trash-bin-storage-shed","11":"product_tag-storage-shed-for-garbage-cans","12":"product_tag-trash-bin-storage-shed","14":"first","15":"instock","16":"featured","17":"shipping-taxable","18":"product-type-simple","19":"entry","20":"content-bg","21":"loop-entry"},"_links":{"self":[{"href":"https:\/\/sdmetalshed.com\/pt\/wp-json\/wp\/v2\/product\/773","targetHints":{"allow":["GET"]}}],"collection":[{"href":"https:\/\/sdmetalshed.com\/pt\/wp-json\/wp\/v2\/product"}],"about":[{"href":"https:\/\/sdmetalshed.com\/pt\/wp-json\/wp\/v2\/types\/product"}],"wp:featuredmedia":[{"embeddable":true,"href":"https:\/\/sdmetalshed.com\/pt\/wp-json\/wp\/v2\/media\/774"}],"wp:attachment":[{"href":"https:\/\/sdmetalshed.com\/pt\/wp-json\/wp\/v2\/media?parent=773"}],"wp:term":[{"taxonomy":"product_brand","embeddable":true,"href":"https:\/\/sdmetalshed.com\/pt\/wp-json\/wp\/v2\/product_brand?post=773"},{"taxonomy":"product_cat","embeddable":true,"href":"https:\/\/sdmetalshed.com\/pt\/wp-json\/wp\/v2\/product_cat?post=773"},{"taxonomy":"product_tag","embeddable":true,"href":"https:\/\/sdmetalshed.com\/pt\/wp-json\/wp\/v2\/product_tag?post=773"}],"curies":[{"name":"wp","href":"https:\/\/api.w.org\/{rel}","templated":true}]}}