{"id":914,"date":"2022-08-01T17:12:05","date_gmt":"2022-08-01T09:12:05","guid":{"rendered":"https:\/\/sdmetalshed.com\/?post_type=product&#038;p=914"},"modified":"2022-08-01T17:19:52","modified_gmt":"2022-08-01T09:19:52","slug":"galpao-de-armazenamento-ao-ar-livre-preto-de-10x12-pes-galpao-de-metal-para-jardim-casa-de-armazenamento-multifuncional-com-porta-de-correr","status":"publish","type":"product","link":"https:\/\/sdmetalshed.com\/pt\/product\/10x12ft-blackoutdoor-storage-shed-garden-metal-shed-multi-function-tool-storage-house-with-sliding-door\/","title":{"rendered":"Galp\u00e3o de armazenamento blackoutdoor, 10x12 p\u00e9s, jardim, galp\u00e3o de metal, casa de armazenamento de ferramentas multifuncional com porta deslizante"},"content":{"rendered":"","protected":false},"excerpt":{"rendered":"<p>Adicione facilmente espa\u00e7o de armazenamento e valor \u00e0 sua propriedade com um abrigo de jardim ao ar livre. O galp\u00e3o de armazenamento de ferramentas de metal tem vantagens distintas em rela\u00e7\u00e3o aos modelos tradicionais de madeira que o tornam uma op\u00e7\u00e3o de compra muito mais atraente. Se voc\u00ea est\u00e1 procurando uma maneira de adicionar o espa\u00e7o de armazenamento necess\u00e1rio \u00e0 sua propriedade, mas n\u00e3o quer lidar com o custo e a manuten\u00e7\u00e3o de um modelo tradicional de madeira, este galp\u00e3o de armazenamento de quintal Outsunny pode ser a escolha perfeita.<\/p>","protected":false},"featured_media":910,"template":"","meta":{"_kad_post_transparent":"default","_kad_post_title":"","_kad_post_layout":"default","_kad_post_sidebar_id":"","_kad_post_content_style":"default","_kad_post_vertical_padding":"default","_kad_post_feature":"","_kad_post_feature_position":"","_kad_post_header":false,"_kad_post_footer":false,"_kad_post_classname":""},"product_brand":[],"product_cat":[33,29,31],"product_tag":[279,278,277,119,280],"class_list":{"0":"post-914","1":"product","2":"type-product","3":"status-publish","4":"has-post-thumbnail","6":"product_cat-metal-garden-storage-sheds","7":"product_cat-metal-products","8":"product_cat-storage-sheds","9":"product_tag-black-tool-storage-shed","10":"product_tag-hardtop-shed-backyard","11":"product_tag-metal-frame-garden-shed","12":"product_tag-outdoor-storage-shed","13":"product_tag-storage-shed-with-sliding-door","15":"first","16":"instock","17":"shipping-taxable","18":"product-type-simple","19":"entry","20":"content-bg","21":"loop-entry"},"_links":{"self":[{"href":"https:\/\/sdmetalshed.com\/pt\/wp-json\/wp\/v2\/product\/914","targetHints":{"allow":["GET"]}}],"collection":[{"href":"https:\/\/sdmetalshed.com\/pt\/wp-json\/wp\/v2\/product"}],"about":[{"href":"https:\/\/sdmetalshed.com\/pt\/wp-json\/wp\/v2\/types\/product"}],"wp:featuredmedia":[{"embeddable":true,"href":"https:\/\/sdmetalshed.com\/pt\/wp-json\/wp\/v2\/media\/910"}],"wp:attachment":[{"href":"https:\/\/sdmetalshed.com\/pt\/wp-json\/wp\/v2\/media?parent=914"}],"wp:term":[{"taxonomy":"product_brand","embeddable":true,"href":"https:\/\/sdmetalshed.com\/pt\/wp-json\/wp\/v2\/product_brand?post=914"},{"taxonomy":"product_cat","embeddable":true,"href":"https:\/\/sdmetalshed.com\/pt\/wp-json\/wp\/v2\/product_cat?post=914"},{"taxonomy":"product_tag","embeddable":true,"href":"https:\/\/sdmetalshed.com\/pt\/wp-json\/wp\/v2\/product_tag?post=914"}],"curies":[{"name":"wp","href":"https:\/\/api.w.org\/{rel}","templated":true}]}}