{"id":938,"date":"2022-08-05T15:53:01","date_gmt":"2022-08-05T07:53:01","guid":{"rendered":"https:\/\/sdmetalshed.com\/?post_type=product&#038;p=938"},"modified":"2022-08-05T16:19:20","modified_gmt":"2022-08-05T08:19:20","slug":"grande-25-x-33-garagem-dupla-em-metal-barracao-com-porta-de-entrada-lateral-825-pes-quadrados-de-area-no-chao-impermeavel-teto-rigido","status":"publish","type":"product","link":"https:\/\/sdmetalshed.com\/pt\/product\/large-25-x-33-double-garage-metal-barn-shed-with-side-entry-door-825-sq-ft-floor-space-waterproof-hardtop\/","title":{"rendered":"Grande galp\u00e3o de celeiro de metal para garagem dupla de 25&#039; x 33&#039; com porta de entrada lateral, espa\u00e7o de piso de 825 p\u00e9s quadrados, capota r\u00edgida \u00e0 prova d&#039;\u00e1gua"},"content":{"rendered":"","protected":false},"excerpt":{"rendered":"<p>Our company have a range of garages suits for all domestic storage. Our three most popular garages come with roof insulation while the silver and gold garages<br \/>\nalso have wall insulation. The entry level bronze garage is most more suitable for garden tools, lawnmowers and bikes. The silver range is suitable for a home<br \/>\ngym, playroom or utility room. The Gold range is suitable for car storage and any other domestic storage need.<\/p>","protected":false},"featured_media":950,"template":"","meta":{"_kad_post_transparent":"default","_kad_post_title":"","_kad_post_layout":"default","_kad_post_sidebar_id":"","_kad_post_content_style":"default","_kad_post_vertical_padding":"default","_kad_post_feature":"","_kad_post_feature_position":"","_kad_post_header":false,"_kad_post_footer":false,"_kad_post_classname":""},"product_brand":[],"product_cat":[281],"product_tag":[291,292,294,293,290],"class_list":{"0":"post-938","1":"product","2":"type-product","3":"status-publish","4":"has-post-thumbnail","6":"product_cat-metal-garages","7":"product_tag-aluminum-carport-roof","8":"product_tag-easy-assemble-garden-shed","9":"product_tag-garage-storage-brackets","10":"product_tag-metal-carport-with-storage-shed","11":"product_tag-two-single-doors-garage","13":"first","14":"instock","15":"shipping-taxable","16":"product-type-simple","17":"entry","18":"content-bg","19":"loop-entry"},"_links":{"self":[{"href":"https:\/\/sdmetalshed.com\/pt\/wp-json\/wp\/v2\/product\/938","targetHints":{"allow":["GET"]}}],"collection":[{"href":"https:\/\/sdmetalshed.com\/pt\/wp-json\/wp\/v2\/product"}],"about":[{"href":"https:\/\/sdmetalshed.com\/pt\/wp-json\/wp\/v2\/types\/product"}],"wp:featuredmedia":[{"embeddable":true,"href":"https:\/\/sdmetalshed.com\/pt\/wp-json\/wp\/v2\/media\/950"}],"wp:attachment":[{"href":"https:\/\/sdmetalshed.com\/pt\/wp-json\/wp\/v2\/media?parent=938"}],"wp:term":[{"taxonomy":"product_brand","embeddable":true,"href":"https:\/\/sdmetalshed.com\/pt\/wp-json\/wp\/v2\/product_brand?post=938"},{"taxonomy":"product_cat","embeddable":true,"href":"https:\/\/sdmetalshed.com\/pt\/wp-json\/wp\/v2\/product_cat?post=938"},{"taxonomy":"product_tag","embeddable":true,"href":"https:\/\/sdmetalshed.com\/pt\/wp-json\/wp\/v2\/product_tag?post=938"}],"curies":[{"name":"wp","href":"https:\/\/api.w.org\/{rel}","templated":true}]}}