{"id":969,"date":"2022-08-08T10:54:29","date_gmt":"2022-08-08T02:54:29","guid":{"rendered":"https:\/\/sdmetalshed.com\/?post_type=product&#038;p=969"},"modified":"2022-08-09T10:26:57","modified_gmt":"2022-08-09T02:26:57","slug":"jardim-moderno-teto-impermeavel-gazebo-sombra-personalizavel-3656m-gazebos-exterior-aluminio-pavilhao-de-luxo","status":"publish","type":"product","link":"https:\/\/sdmetalshed.com\/pt\/product\/modern-garden-waterproof-roof-gazebo-sunshade-customizable-3-656m-gazebos-outdoor-aluminum-luxury-pavilion-2\/","title":{"rendered":"Gazebo de jardim moderno, \u00e0 prova d&#039;\u00e1gua, guarda-sol personaliz\u00e1vel, 3.65*6m, pavilh\u00e3o de luxo em alum\u00ednio ao ar livre"},"content":{"rendered":"","protected":false},"excerpt":{"rendered":"<p>Our patio gazebo is designed with netting. The gazebo is made of a rust-proof aluminum frame and water-proof and fade-proof fabric to protect from rain and sun. The elegant gazebo is an excellent choice for you to enjoy life in good time.It\u2018s very comfortable and ease sitting and talking, relaxing, meeting and throwing parties.<\/p>","protected":false},"featured_media":992,"template":"","meta":{"_kad_post_transparent":"default","_kad_post_title":"","_kad_post_layout":"default","_kad_post_sidebar_id":"","_kad_post_content_style":"default","_kad_post_vertical_padding":"default","_kad_post_feature":"","_kad_post_feature_position":"","_kad_post_header":false,"_kad_post_footer":false,"_kad_post_classname":""},"product_brand":[],"product_cat":[30,299,29],"product_tag":[304,274,57,276,301,305,303,306,300,233,302],"class_list":{"0":"post-969","1":"product","2":"type-product","3":"status-publish","4":"has-post-thumbnail","6":"product_cat-aluminum-gazebo","7":"product_cat-luxembourg-aluminum-gazebo","8":"product_cat-metal-products","9":"product_tag-aluminum-frame-galvanized-pergola","10":"product_tag-aluminum-frame-gazebo","11":"product_tag-aluminum-outdoor-gazebo","12":"product_tag-hardtop-waterproof-gazebo","13":"product_tag-large-size-3-656m-gazebo","14":"product_tag-luxury-garden-gazebo","15":"product_tag-luxury-gazebo-with-steel","16":"product_tag-metal-frame-pavilion","17":"product_tag-outdoor-aluminum-luxury-pavilion","18":"product_tag-outdoor-hardtop-gazebo","19":"product_tag-waterproof-hardtop-gazebo","21":"first","22":"instock","23":"featured","24":"shipping-taxable","25":"product-type-simple","26":"entry","27":"content-bg","28":"loop-entry"},"_links":{"self":[{"href":"https:\/\/sdmetalshed.com\/pt\/wp-json\/wp\/v2\/product\/969","targetHints":{"allow":["GET"]}}],"collection":[{"href":"https:\/\/sdmetalshed.com\/pt\/wp-json\/wp\/v2\/product"}],"about":[{"href":"https:\/\/sdmetalshed.com\/pt\/wp-json\/wp\/v2\/types\/product"}],"wp:featuredmedia":[{"embeddable":true,"href":"https:\/\/sdmetalshed.com\/pt\/wp-json\/wp\/v2\/media\/992"}],"wp:attachment":[{"href":"https:\/\/sdmetalshed.com\/pt\/wp-json\/wp\/v2\/media?parent=969"}],"wp:term":[{"taxonomy":"product_brand","embeddable":true,"href":"https:\/\/sdmetalshed.com\/pt\/wp-json\/wp\/v2\/product_brand?post=969"},{"taxonomy":"product_cat","embeddable":true,"href":"https:\/\/sdmetalshed.com\/pt\/wp-json\/wp\/v2\/product_cat?post=969"},{"taxonomy":"product_tag","embeddable":true,"href":"https:\/\/sdmetalshed.com\/pt\/wp-json\/wp\/v2\/product_tag?post=969"}],"curies":[{"name":"wp","href":"https:\/\/api.w.org\/{rel}","templated":true}]}}