{"id":970,"date":"2022-08-08T10:54:31","date_gmt":"2022-08-08T02:54:31","guid":{"rendered":"https:\/\/sdmetalshed.com\/?post_type=product&#038;p=970"},"modified":"2022-08-08T11:49:04","modified_gmt":"2022-08-08T03:49:04","slug":"jardim-33m-gazebo-de-aluminio-qualidade-garantida-unico-em-aluminio-gazebo-4-estacoes-gazebo-com-topo-de-painel-metalico","status":"publish","type":"product","link":"https:\/\/sdmetalshed.com\/pt\/product\/garden-33m-aluminum-gazebo-guaranteed-quality-unique-aluminum-4-season-gazebo-metal-panel-top-gazebo\/","title":{"rendered":"Gazebo de alum\u00ednio para jardim 3*3m, qualidade garantida, alum\u00ednio exclusivo, 4 esta\u00e7\u00f5es, painel de metal, gazebo superior"},"content":{"rendered":"","protected":false},"excerpt":{"rendered":"<p>Our patio gazebo is designed with netting. The gazebo is made of a rust-proof aluminum frame and water-proof and fade-proof fabric to protect from rain and sun. The elegant gazebo is an excellent choice for you to enjoy life in good time.It\u2018s very comfortable and ease sitting and talking, relaxing, meeting and throwing parties.<\/p>","protected":false},"featured_media":900,"template":"","meta":{"_kad_post_transparent":"default","_kad_post_title":"","_kad_post_layout":"default","_kad_post_sidebar_id":"","_kad_post_content_style":"default","_kad_post_vertical_padding":"default","_kad_post_feature":"","_kad_post_feature_position":"","_kad_post_header":false,"_kad_post_footer":false,"_kad_post_classname":""},"product_brand":[],"product_cat":[30,29],"product_tag":[274,235,52,292,236,275,276,237,234],"class_list":{"0":"post-970","1":"product","2":"type-product","3":"status-publish","4":"has-post-thumbnail","6":"product_cat-aluminum-gazebo","7":"product_cat-metal-products","8":"product_tag-aluminum-frame-gazebo","9":"product_tag-backyard-hardtop-gazebo","10":"product_tag-double-roof-hardtop-gazebo","11":"product_tag-easy-assemble-garden-shed","12":"product_tag-garden-hardtop-gazebo","13":"product_tag-gavanized-garden-patio","14":"product_tag-hardtop-waterproof-gazebo","15":"product_tag-lawn-hardtop-gazebo","16":"product_tag-patios-hardtop-gazebo","18":"first","19":"instock","20":"featured","21":"shipping-taxable","22":"product-type-simple","23":"entry","24":"content-bg","25":"loop-entry"},"_links":{"self":[{"href":"https:\/\/sdmetalshed.com\/pt\/wp-json\/wp\/v2\/product\/970","targetHints":{"allow":["GET"]}}],"collection":[{"href":"https:\/\/sdmetalshed.com\/pt\/wp-json\/wp\/v2\/product"}],"about":[{"href":"https:\/\/sdmetalshed.com\/pt\/wp-json\/wp\/v2\/types\/product"}],"wp:featuredmedia":[{"embeddable":true,"href":"https:\/\/sdmetalshed.com\/pt\/wp-json\/wp\/v2\/media\/900"}],"wp:attachment":[{"href":"https:\/\/sdmetalshed.com\/pt\/wp-json\/wp\/v2\/media?parent=970"}],"wp:term":[{"taxonomy":"product_brand","embeddable":true,"href":"https:\/\/sdmetalshed.com\/pt\/wp-json\/wp\/v2\/product_brand?post=970"},{"taxonomy":"product_cat","embeddable":true,"href":"https:\/\/sdmetalshed.com\/pt\/wp-json\/wp\/v2\/product_cat?post=970"},{"taxonomy":"product_tag","embeddable":true,"href":"https:\/\/sdmetalshed.com\/pt\/wp-json\/wp\/v2\/product_tag?post=970"}],"curies":[{"name":"wp","href":"https:\/\/api.w.org\/{rel}","templated":true}]}}