{"id":991,"date":"2022-08-09T09:24:56","date_gmt":"2022-08-09T01:24:56","guid":{"rendered":"https:\/\/sdmetalshed.com\/?post_type=product&#038;p=991"},"modified":"2022-08-09T10:48:43","modified_gmt":"2022-08-09T02:48:43","slug":"luxo-impermeavel-pergola-de-teto-rigido-sombreador-personalizavel-3-653-65m-pergola-de-ferro-para-festas-no-jardim","status":"publish","type":"product","link":"https:\/\/sdmetalshed.com\/pt\/product\/luxury-waterproof-hardtop-gazebo-sunshade-customizable-3-653-65m-steel-party-gazebo-for-backyard\/","title":{"rendered":"Gazebo de luxo \u00e0 prova d&#039;\u00e1gua com capota r\u00edgida, guarda-sol personaliz\u00e1vel, 3.65*3.65m, gazebo de festa de a\u00e7o para quintal"},"content":{"rendered":"","protected":false},"excerpt":{"rendered":"<p>Our patio gazebo is designed with netting. The gazebo is made of a rust-proof aluminum frame and water-proof and fade-proof fabric to protect from rain and sun. The elegant gazebo is an excellent choice for you to enjoy life in good time.It\u2018s very comfortable and ease sitting and talking, relaxing, meeting and throwing parties.<\/p>\n<div style=\"width: 1280px;\" class=\"wp-video\"><video class=\"wp-video-shortcode\" id=\"video-991-1\" width=\"1280\" height=\"720\" loop autoplay preload=\"auto\" controls=\"controls\"><source type=\"video\/mp4\" src=\"https:\/\/sdmetalshed.com\/wp-content\/uploads\/2022\/08\/Aluminum-frame-gazebo.mp4?_=1\" \/><a href=\"https:\/\/sdmetalshed.com\/wp-content\/uploads\/2022\/08\/Aluminum-frame-gazebo.mp4\">https:\/\/sdmetalshed.com\/wp-content\/uploads\/2022\/08\/Aluminum-frame-gazebo.mp4<\/a><\/video><\/div>","protected":false},"featured_media":993,"template":"","meta":{"_kad_post_transparent":"default","_kad_post_title":"","_kad_post_layout":"default","_kad_post_sidebar_id":"","_kad_post_content_style":"default","_kad_post_vertical_padding":"default","_kad_post_feature":"","_kad_post_feature_position":"","_kad_post_header":false,"_kad_post_footer":false,"_kad_post_classname":""},"product_brand":[],"product_cat":[30,299,29],"product_tag":[274,235,52,292,236,275,276,237,233],"class_list":{"0":"post-991","1":"product","2":"type-product","3":"status-publish","4":"has-post-thumbnail","6":"product_cat-aluminum-gazebo","7":"product_cat-luxembourg-aluminum-gazebo","8":"product_cat-metal-products","9":"product_tag-aluminum-frame-gazebo","10":"product_tag-backyard-hardtop-gazebo","11":"product_tag-double-roof-hardtop-gazebo","12":"product_tag-easy-assemble-garden-shed","13":"product_tag-garden-hardtop-gazebo","14":"product_tag-gavanized-garden-patio","15":"product_tag-hardtop-waterproof-gazebo","16":"product_tag-lawn-hardtop-gazebo","17":"product_tag-outdoor-hardtop-gazebo","19":"first","20":"instock","21":"featured","22":"downloadable","23":"shipping-taxable","24":"product-type-simple","25":"entry","26":"content-bg","27":"loop-entry"},"_links":{"self":[{"href":"https:\/\/sdmetalshed.com\/pt\/wp-json\/wp\/v2\/product\/991","targetHints":{"allow":["GET"]}}],"collection":[{"href":"https:\/\/sdmetalshed.com\/pt\/wp-json\/wp\/v2\/product"}],"about":[{"href":"https:\/\/sdmetalshed.com\/pt\/wp-json\/wp\/v2\/types\/product"}],"wp:featuredmedia":[{"embeddable":true,"href":"https:\/\/sdmetalshed.com\/pt\/wp-json\/wp\/v2\/media\/993"}],"wp:attachment":[{"href":"https:\/\/sdmetalshed.com\/pt\/wp-json\/wp\/v2\/media?parent=991"}],"wp:term":[{"taxonomy":"product_brand","embeddable":true,"href":"https:\/\/sdmetalshed.com\/pt\/wp-json\/wp\/v2\/product_brand?post=991"},{"taxonomy":"product_cat","embeddable":true,"href":"https:\/\/sdmetalshed.com\/pt\/wp-json\/wp\/v2\/product_cat?post=991"},{"taxonomy":"product_tag","embeddable":true,"href":"https:\/\/sdmetalshed.com\/pt\/wp-json\/wp\/v2\/product_tag?post=991"}],"curies":[{"name":"wp","href":"https:\/\/api.w.org\/{rel}","templated":true}]}}